{"id":53599,"date":"2025-12-19T19:16:58","date_gmt":"2025-12-19T18:16:58","guid":{"rendered":"https:\/\/promochaudiere.be\/?page_id=53599"},"modified":"2025-12-19T19:16:58","modified_gmt":"2025-12-19T18:16:58","slug":"mentions-legales","status":"publish","type":"page","link":"https:\/\/promochaudiere.be\/nl\/mentions-legales\/","title":{"rendered":"Mentions l\u00e9gales"},"content":{"rendered":"<h2 data-start=\"242\" data-end=\"263\">1. \u00c9diteur du site<\/h2>\n<p data-start=\"265\" data-end=\"296\">Le pr\u00e9sent site est \u00e9dit\u00e9 par :<\/p>\n<p data-start=\"298\" data-end=\"474\"><strong data-start=\"298\" data-end=\"323\">Sustainable Built SRL<\/strong><br data-start=\"323\" data-end=\"326\" \/>Si\u00e8ge social : Rue Lens 31, 1000 Bruxelles \u2013 Belgique<br data-start=\"379\" data-end=\"382\" \/>Forme juridique : Soci\u00e9t\u00e9 \u00e0 responsabilit\u00e9 limit\u00e9e (SRL)<br data-start=\"438\" data-end=\"441\" \/>E-mail : <a class=\"decorated-link cursor-pointer\" rel=\"noopener\" data-start=\"450\" data-end=\"472\">info@promochaudiere.be<\/a><\/p>\n<hr data-start=\"476\" data-end=\"479\" \/>\n<h2 data-start=\"481\" data-end=\"516\">2. Responsable de la publication<\/h2>\n<p data-start=\"518\" data-end=\"581\">Le responsable de la publication est <strong data-start=\"555\" data-end=\"580\">Sustainable Built SRL<\/strong>.<\/p>\n<hr data-start=\"583\" data-end=\"586\" \/>\n<h2 data-start=\"588\" data-end=\"605\">3. H\u00e9bergement<\/h2>\n<p data-start=\"607\" data-end=\"632\">Le site est h\u00e9berg\u00e9 par :<\/p>\n<p data-start=\"634\" data-end=\"758\"><strong data-start=\"634\" data-end=\"666\">Hostinger International Ltd.<\/strong><br data-start=\"666\" data-end=\"669\" \/>61 Lordou Vironos Street<br data-start=\"693\" data-end=\"696\" \/>6023 Larnaca \u2013 Chypre<br data-start=\"717\" data-end=\"720\" \/>Site web : <a class=\"decorated-link\" href=\"https:\/\/www.hostinger.com\" target=\"_new\" rel=\"noopener\" data-start=\"731\" data-end=\"756\">https:\/\/www.hostinger.com<\/a><\/p>\n<hr data-start=\"760\" data-end=\"763\" \/>\n<h2 data-start=\"765\" data-end=\"784\">4. Acc\u00e8s au site<\/h2>\n<p data-start=\"786\" data-end=\"987\">Le site est accessible 24h\/24 et 7j\/7, sauf interruption pour maintenance ou cas de force majeure.<br data-start=\"884\" data-end=\"887\" \/>Sustainable Built SRL ne saurait \u00eatre tenue responsable en cas d\u2019indisponibilit\u00e9 temporaire du site.<\/p>\n<hr data-start=\"989\" data-end=\"992\" \/>\n<h2 data-start=\"994\" data-end=\"1024\">5. Propri\u00e9t\u00e9 intellectuelle<\/h2>\n<p data-start=\"1026\" data-end=\"1263\">L\u2019ensemble des \u00e9l\u00e9ments pr\u00e9sents sur le site (textes, images, logos, graphismes, structure, code) est prot\u00e9g\u00e9 par le droit de la propri\u00e9t\u00e9 intellectuelle et demeure la propri\u00e9t\u00e9 exclusive de Sustainable Built SRL, sauf mention contraire.<\/p>\n<p data-start=\"1265\" data-end=\"1406\">Toute reproduction, repr\u00e9sentation, modification ou exploitation, totale ou partielle, sans autorisation pr\u00e9alable est strictement interdite.<\/p>\n<hr data-start=\"1408\" data-end=\"1411\" \/>\n<h2 data-start=\"1413\" data-end=\"1433\">6. Responsabilit\u00e9<\/h2>\n<p data-start=\"1435\" data-end=\"1665\">Sustainable Built SRL s\u2019efforce d\u2019assurer l\u2019exactitude des informations publi\u00e9es sur le site. Toutefois, elle ne saurait \u00eatre tenue responsable des erreurs, omissions ou r\u00e9sultats obtenus par un usage inappropri\u00e9 des informations.<\/p>\n<p data-start=\"1667\" data-end=\"1738\">L\u2019utilisateur est seul responsable de l\u2019utilisation qu\u2019il fait du site.<\/p>\n<hr data-start=\"1740\" data-end=\"1743\" \/>\n<h2 data-start=\"1745\" data-end=\"1768\">7. Liens hypertextes<\/h2>\n<p data-start=\"1770\" data-end=\"1974\">Le site peut contenir des liens vers des sites tiers. Sustainable Built SRL n\u2019exerce aucun contr\u00f4le sur ces sites et d\u00e9cline toute responsabilit\u00e9 quant \u00e0 leur contenu ou leur politique de confidentialit\u00e9.<\/p>\n<hr data-start=\"1976\" data-end=\"1979\" \/>\n<h2 data-start=\"1981\" data-end=\"2007\">8. Donn\u00e9es personnelles<\/h2>\n<p data-start=\"2009\" data-end=\"2256\">Les donn\u00e9es personnelles collect\u00e9es sur le site sont trait\u00e9es conform\u00e9ment \u00e0 la r\u00e9glementation en vigueur.<br data-start=\"2115\" data-end=\"2118\" \/>Pour plus d\u2019informations, l\u2019utilisateur est invit\u00e9 \u00e0 consulter la <strong data-start=\"2184\" data-end=\"2216\">Politique de confidentialit\u00e9<\/strong> et la <strong data-start=\"2223\" data-end=\"2247\">Politique de cookies<\/strong> du site.<\/p>\n<hr data-start=\"2258\" data-end=\"2261\" \/>\n<h2 data-start=\"2263\" data-end=\"2285\">9. Droit applicable<\/h2>\n<p data-start=\"2287\" data-end=\"2463\">Les pr\u00e9sentes mentions l\u00e9gales sont soumises au <strong data-start=\"2335\" data-end=\"2350\">droit belge<\/strong>.<br data-start=\"2351\" data-end=\"2354\" \/>En cas de litige, les tribunaux belges seront seuls comp\u00e9tents, sauf disposition l\u00e9gale imp\u00e9rative contraire.<\/p>","protected":false},"excerpt":{"rendered":"<p>1. \u00c9diteur du site Le pr\u00e9sent site est \u00e9dit\u00e9 par : Sustainable Built SRLSi\u00e8ge social : Rue Lens 31, 1000<\/p>","protected":false},"author":1,"featured_media":0,"parent":0,"menu_order":0,"comment_status":"closed","ping_status":"closed","template":"","meta":{"footnotes":""},"class_list":["post-53599","page","type-page","status-publish","hentry"],"aioseo_notices":[],"_links":{"self":[{"href":"https:\/\/promochaudiere.be\/nl\/wp-json\/wp\/v2\/pages\/53599","targetHints":{"allow":["GET"]}}],"collection":[{"href":"https:\/\/promochaudiere.be\/nl\/wp-json\/wp\/v2\/pages"}],"about":[{"href":"https:\/\/promochaudiere.be\/nl\/wp-json\/wp\/v2\/types\/page"}],"author":[{"embeddable":true,"href":"https:\/\/promochaudiere.be\/nl\/wp-json\/wp\/v2\/users\/1"}],"replies":[{"embeddable":true,"href":"https:\/\/promochaudiere.be\/nl\/wp-json\/wp\/v2\/comments?post=53599"}],"version-history":[{"count":1,"href":"https:\/\/promochaudiere.be\/nl\/wp-json\/wp\/v2\/pages\/53599\/revisions"}],"predecessor-version":[{"id":53600,"href":"https:\/\/promochaudiere.be\/nl\/wp-json\/wp\/v2\/pages\/53599\/revisions\/53600"}],"wp:attachment":[{"href":"https:\/\/promochaudiere.be\/nl\/wp-json\/wp\/v2\/media?parent=53599"}],"curies":[{"name":"wp","href":"https:\/\/api.w.org\/{rel}","templated":true}]}}