{"id":10669,"date":"2022-08-31T11:57:51","date_gmt":"2022-08-31T11:57:51","guid":{"rendered":"https:\/\/promochaudiere.be\/?post_type=product&#038;p=10669"},"modified":"2026-02-03T19:40:15","modified_gmt":"2026-02-03T18:40:15","slug":"vaillant-chaudiere-murale-a-condensation-pure-vc-256-7-2","status":"publish","type":"product","link":"https:\/\/promochaudiere.be\/nl\/product\/vaillant-chaudiere-murale-a-condensation-pure-vc-256-7-2\/","title":{"rendered":"Vaillant chaudi\u00e8re murale \u00e0 condensation pure VC 256\/7-2 0010019971"},"content":{"rendered":"<p>Pour ceux qui d\u00e9sirent une chaudi\u00e8re de qualit\u00e9 et avec un bon prix, d\u00e9couvrez alors cette chaudi\u00e8re murale \u00e0 condensation de la marque Vaillant, \u00e0 combiner avec un pr\u00e9parateur sanitaire indirect uniSTOR VIH. Cette chaudi\u00e8re est la solution appropri\u00e9e pour tous les types d\u2019habitations, de l\u2019appartement \u00e0 la maison unifamiliale.<\/p>\n<p>La chaudi\u00e8re murale peut \u00eatre utilis\u00e9e tant pour des installations traditionnelles que pour des installations basse temp\u00e9rature (chauffage par le sol) gr\u00e2ce \u00e0 la temp\u00e9rature r\u00e9glable.<\/p>","protected":false},"excerpt":{"rendered":"<p><strong>Caract\u00e9ristiques\u00a0:<\/strong><\/p>\n<ul>\n<li>Classe \u00e9nerg\u00e9tique<\/li>\n<li>Puissance : 24 KW<\/li>\n<li>Hauteur\u00a0: 720 mm<\/li>\n<li>Largeur\u00a0: 440 mm<\/li>\n<li>Profondeur : 35 mm<\/li>\n<\/ul>","protected":false},"featured_media":10670,"comment_status":"open","ping_status":"closed","template":"","meta":[],"product_brand":[],"product_cat":[8855],"product_tag":[],"class_list":{"0":"post-10669","1":"product","2":"type-product","3":"status-publish","4":"has-post-thumbnail","6":"product_cat-chaudiere-murale-gaz-a-condensation-sans-eau-chaude-sanitaire","7":"pa_marque-vaillant","9":"first","10":"instock","11":"sale","12":"taxable","13":"shipping-taxable","14":"purchasable","15":"product-type-simple"},"aioseo_notices":[],"_links":{"self":[{"href":"https:\/\/promochaudiere.be\/nl\/wp-json\/wp\/v2\/product\/10669","targetHints":{"allow":["GET"]}}],"collection":[{"href":"https:\/\/promochaudiere.be\/nl\/wp-json\/wp\/v2\/product"}],"about":[{"href":"https:\/\/promochaudiere.be\/nl\/wp-json\/wp\/v2\/types\/product"}],"replies":[{"embeddable":true,"href":"https:\/\/promochaudiere.be\/nl\/wp-json\/wp\/v2\/comments?post=10669"}],"version-history":[{"count":2,"href":"https:\/\/promochaudiere.be\/nl\/wp-json\/wp\/v2\/product\/10669\/revisions"}],"predecessor-version":[{"id":53549,"href":"https:\/\/promochaudiere.be\/nl\/wp-json\/wp\/v2\/product\/10669\/revisions\/53549"}],"wp:featuredmedia":[{"embeddable":true,"href":"https:\/\/promochaudiere.be\/nl\/wp-json\/wp\/v2\/media\/10670"}],"wp:attachment":[{"href":"https:\/\/promochaudiere.be\/nl\/wp-json\/wp\/v2\/media?parent=10669"}],"wp:term":[{"taxonomy":"product_brand","embeddable":true,"href":"https:\/\/promochaudiere.be\/nl\/wp-json\/wp\/v2\/product_brand?post=10669"},{"taxonomy":"product_cat","embeddable":true,"href":"https:\/\/promochaudiere.be\/nl\/wp-json\/wp\/v2\/product_cat?post=10669"},{"taxonomy":"product_tag","embeddable":true,"href":"https:\/\/promochaudiere.be\/nl\/wp-json\/wp\/v2\/product_tag?post=10669"}],"curies":[{"name":"wp","href":"https:\/\/api.w.org\/{rel}","templated":true}]}}