{"id":1202,"date":"2022-04-13T10:52:54","date_gmt":"2022-04-13T10:52:54","guid":{"rendered":"https:\/\/promochaudiere.be\/produit\/henrad-alto-plan-ct-type-22-hauteur-1800-largeur-700-puissance-2583w-s\/"},"modified":"2026-02-03T18:17:08","modified_gmt":"2026-02-03T17:17:08","slug":"henrad-alto-plan-ct-type-22-hauteur-1800-largeur-700-puissance-2583w-s","status":"publish","type":"product","link":"https:\/\/promochaudiere.be\/nl\/product\/henrad-alto-plan-ct-type-22-hauteur-1800-largeur-700-puissance-2583w-s\/","title":{"rendered":"Henrad Alto Plan CT type 22 hauteur 1800 largeur 700 puissance 2583W S"},"content":{"rendered":"<p>Pour ceux qui ont la qualit\u00e9 figure en bonne place sur leur liste de priorit\u00e9s. Le radiateur vertical <strong>HENRAD ALTO PLAN CT<\/strong> r\u00e9pondra certainement \u00e0 vos exigences.<\/p>\n<p>Ce radiateur \u00e9l\u00e9gant poss\u00e8de un style contemporain et avanc\u00e9 avec cette combinaison de style sophistiqu\u00e9 et de performances fiables vous pouvez \u00e9galement profiter d&rsquo;une utilisation facile et une qualit\u00e9 ultime.<\/p>\n<p>Fabriqu\u00e9 en mati\u00e8re d\u2019une qualit\u00e9 remarquable qui garantira sans doute une dur\u00e9e de vie plus longtemps que la norme de l&rsquo;industrie.<\/p>\n<p><strong>Caract\u00e9ristiques:<\/strong><\/p>\n<ul>\n<li>Type: 22<\/li>\n<li>Hauteur: 1800<\/li>\n<li>Largeur: 700<\/li>\n<li>Puissance: 2583W<\/li>\n<\/ul>","protected":false},"excerpt":{"rendered":"<p><strong>Caract\u00e9ristiques:<\/strong><\/p>\n<ul>\n<li>Type:22<\/li>\n<li>Hauteur: 1800<\/li>\n<li>Largeur: 700<\/li>\n<li>Puissance: 2583W<\/li>\n<\/ul>","protected":false},"featured_media":1333,"comment_status":"open","ping_status":"closed","template":"","meta":[],"product_brand":[],"product_cat":[10833],"product_tag":[],"class_list":{"0":"post-1202","1":"product","2":"type-product","3":"status-publish","4":"has-post-thumbnail","6":"product_cat-alto-plan-ct","7":"pa_marque-henrad","9":"first","10":"instock","11":"sale","12":"taxable","13":"shipping-taxable","14":"purchasable","15":"product-type-simple"},"aioseo_notices":[],"_links":{"self":[{"href":"https:\/\/promochaudiere.be\/nl\/wp-json\/wp\/v2\/product\/1202","targetHints":{"allow":["GET"]}}],"collection":[{"href":"https:\/\/promochaudiere.be\/nl\/wp-json\/wp\/v2\/product"}],"about":[{"href":"https:\/\/promochaudiere.be\/nl\/wp-json\/wp\/v2\/types\/product"}],"replies":[{"embeddable":true,"href":"https:\/\/promochaudiere.be\/nl\/wp-json\/wp\/v2\/comments?post=1202"}],"version-history":[{"count":1,"href":"https:\/\/promochaudiere.be\/nl\/wp-json\/wp\/v2\/product\/1202\/revisions"}],"predecessor-version":[{"id":51670,"href":"https:\/\/promochaudiere.be\/nl\/wp-json\/wp\/v2\/product\/1202\/revisions\/51670"}],"wp:featuredmedia":[{"embeddable":true,"href":"https:\/\/promochaudiere.be\/nl\/wp-json\/wp\/v2\/media\/1333"}],"wp:attachment":[{"href":"https:\/\/promochaudiere.be\/nl\/wp-json\/wp\/v2\/media?parent=1202"}],"wp:term":[{"taxonomy":"product_brand","embeddable":true,"href":"https:\/\/promochaudiere.be\/nl\/wp-json\/wp\/v2\/product_brand?post=1202"},{"taxonomy":"product_cat","embeddable":true,"href":"https:\/\/promochaudiere.be\/nl\/wp-json\/wp\/v2\/product_cat?post=1202"},{"taxonomy":"product_tag","embeddable":true,"href":"https:\/\/promochaudiere.be\/nl\/wp-json\/wp\/v2\/product_tag?post=1202"}],"curies":[{"name":"wp","href":"https:\/\/api.w.org\/{rel}","templated":true}]}}