{"id":1214,"date":"2022-04-13T10:52:56","date_gmt":"2022-04-13T10:52:56","guid":{"rendered":"https:\/\/promochaudiere.be\/produit\/henrad-alto-ct-type-22-hauteur-2000-largeur-600-puissance-2574w-s\/"},"modified":"2025-12-09T17:10:51","modified_gmt":"2025-12-09T17:10:51","slug":"henrad-alto-ct-type-22-hauteur-2000-largeur-600-puissance-2574w-s","status":"publish","type":"product","link":"https:\/\/promochaudiere.be\/nl\/product\/henrad-alto-ct-type-22-hauteur-2000-largeur-600-puissance-2574w-s\/","title":{"rendered":"Henrad Alto CT type 22 hauteur  2000 largeur 600 puissance 2574W S"},"content":{"rendered":"<p>Pour ceux qui ont la qualit\u00e9 figure en bonne place sur leur liste de priorit\u00e9s. Le radiateur vertical <strong>HENRAD ALTO PLAN CT<\/strong> r\u00e9pondra certainement \u00e0 vos exigences.<\/p>\n<p>Ce radiateur \u00e9l\u00e9gant poss\u00e8de un style contemporain et avanc\u00e9 avec cette combinaison de style sophistiqu\u00e9 et de performances fiables vous pouvez \u00e9galement profiter d&rsquo;une utilisation facile et une qualit\u00e9 ultime.<\/p>\n<p>Fabriqu\u00e9 en mati\u00e8re d\u2019une qualit\u00e9 remarquable qui garantira sans doute une dur\u00e9e de vie plus longtemps que la norme de l&rsquo;industrie.<\/p>\n<p><strong>Caract\u00e9ristiques:<\/strong><\/p>\n<ul>\n<li>Type: 22<\/li>\n<li>Hauteur: 2000<\/li>\n<li>Largeur: 600<\/li>\n<li>Puissance: 2574W<\/li>\n<\/ul>","protected":false},"excerpt":{"rendered":"<p><strong>Caract\u00e9ristiques:<\/strong><\/p>\n<ul>\n<li>Type: 22<\/li>\n<li>Hauteur: 2000<\/li>\n<li>Largeur: 600<\/li>\n<li>Puissance: 2574W<\/li>\n<\/ul>","protected":false},"featured_media":1225,"comment_status":"open","ping_status":"closed","template":"","meta":[],"product_brand":[],"product_cat":[10837],"product_tag":[],"class_list":{"0":"post-1214","1":"product","2":"type-product","3":"status-publish","4":"has-post-thumbnail","6":"product_cat-alto-ct","7":"pa_marque-henrad","9":"first","10":"instock","11":"sale","12":"taxable","13":"shipping-taxable","14":"purchasable","15":"product-type-simple"},"aioseo_notices":[],"_links":{"self":[{"href":"https:\/\/promochaudiere.be\/nl\/wp-json\/wp\/v2\/product\/1214","targetHints":{"allow":["GET"]}}],"collection":[{"href":"https:\/\/promochaudiere.be\/nl\/wp-json\/wp\/v2\/product"}],"about":[{"href":"https:\/\/promochaudiere.be\/nl\/wp-json\/wp\/v2\/types\/product"}],"replies":[{"embeddable":true,"href":"https:\/\/promochaudiere.be\/nl\/wp-json\/wp\/v2\/comments?post=1214"}],"version-history":[{"count":1,"href":"https:\/\/promochaudiere.be\/nl\/wp-json\/wp\/v2\/product\/1214\/revisions"}],"predecessor-version":[{"id":51664,"href":"https:\/\/promochaudiere.be\/nl\/wp-json\/wp\/v2\/product\/1214\/revisions\/51664"}],"wp:featuredmedia":[{"embeddable":true,"href":"https:\/\/promochaudiere.be\/nl\/wp-json\/wp\/v2\/media\/1225"}],"wp:attachment":[{"href":"https:\/\/promochaudiere.be\/nl\/wp-json\/wp\/v2\/media?parent=1214"}],"wp:term":[{"taxonomy":"product_brand","embeddable":true,"href":"https:\/\/promochaudiere.be\/nl\/wp-json\/wp\/v2\/product_brand?post=1214"},{"taxonomy":"product_cat","embeddable":true,"href":"https:\/\/promochaudiere.be\/nl\/wp-json\/wp\/v2\/product_cat?post=1214"},{"taxonomy":"product_tag","embeddable":true,"href":"https:\/\/promochaudiere.be\/nl\/wp-json\/wp\/v2\/product_tag?post=1214"}],"curies":[{"name":"wp","href":"https:\/\/api.w.org\/{rel}","templated":true}]}}