{"id":1239,"date":"2022-04-14T14:08:49","date_gmt":"2022-04-14T14:08:49","guid":{"rendered":"https:\/\/promochaudiere.be\/produit\/vaillant-chaudiere-murale-a-condensation-gaz-ecotec-vcw286-pro-24-kw-propane\/"},"modified":"2026-02-03T19:40:18","modified_gmt":"2026-02-03T18:40:18","slug":"vaillant-chaudiere-murale-a-condensation-gaz-ecotec-vcw286-pro-24-kw-propane","status":"publish","type":"product","link":"https:\/\/promochaudiere.be\/nl\/product\/vaillant-chaudiere-murale-a-condensation-gaz-ecotec-vcw286-pro-24-kw-propane\/","title":{"rendered":"Vaillant chaudi\u00e8re murale \u00e0 condensation gaz Ecotec VCW286 pro 24 KW propane P010021849"},"content":{"rendered":"<p>Pour ceux qui d\u00e9sirent une chaudi\u00e8re de qualit\u00e9 et avec un bon prix, d\u00e9couvrez alors cette chaudi\u00e8re murale \u00e0 condensation gaz de la marque Vaillant\u00a0! Elle est la solution id\u00e9ale pour tous les types d\u2019habitations.<\/p>\n<p>Cette chaudi\u00e8re dispose d\u2019un affichage d\u2019\u00e9tat de service et de diagnostic et d&rsquo;un r\u00e9glage \u00e9lectronique de la charge partielle chauffage.<\/p>\n<p>Sa conception est faite d&rsquo;une mati\u00e8re de tr\u00e8s bonne qualit\u00e9 qui propose une durabilit\u00e9 optimale durant les ann\u00e9es d&rsquo;utilisation.<\/p>","protected":false},"excerpt":{"rendered":"<p><strong>Caract\u00e9ristiques :<\/strong><\/p>\n<ul>\n<li>Classe \u00e9nerg\u00e9tique chauffage : A<\/li>\n<li>Classe \u00e9nerg\u00e9tique sanitaire : A<\/li>\n<li>Profil de puisage sanitaire : XL<\/li>\n<li>Puissance de chauffage : 24 KW<\/li>\n<li>Puissance de sanitaire : 28 KW<\/li>\n<li>Hauteur : 720 mm<\/li>\n<li>Largeur : 440 mm<\/li>\n<li>Profondeur : 338 mm<\/li>\n<li>D\u00e9bit d\u2019eau chaude : 16 l\/min<\/li>\n<\/ul>","protected":false},"featured_media":1921,"comment_status":"open","ping_status":"closed","template":"","meta":[],"product_brand":[],"product_cat":[8853],"product_tag":[],"class_list":{"0":"post-1239","1":"product","2":"type-product","3":"status-publish","4":"has-post-thumbnail","6":"product_cat-chaudiere-murale-gaz-a-condensation-avec-eau-chaude-sanitaire","7":"pa_marque-vaillant","9":"first","10":"instock","11":"sale","12":"taxable","13":"shipping-taxable","14":"purchasable","15":"product-type-simple"},"aioseo_notices":[],"_links":{"self":[{"href":"https:\/\/promochaudiere.be\/nl\/wp-json\/wp\/v2\/product\/1239","targetHints":{"allow":["GET"]}}],"collection":[{"href":"https:\/\/promochaudiere.be\/nl\/wp-json\/wp\/v2\/product"}],"about":[{"href":"https:\/\/promochaudiere.be\/nl\/wp-json\/wp\/v2\/types\/product"}],"replies":[{"embeddable":true,"href":"https:\/\/promochaudiere.be\/nl\/wp-json\/wp\/v2\/comments?post=1239"}],"version-history":[{"count":1,"href":"https:\/\/promochaudiere.be\/nl\/wp-json\/wp\/v2\/product\/1239\/revisions"}],"predecessor-version":[{"id":1346,"href":"https:\/\/promochaudiere.be\/nl\/wp-json\/wp\/v2\/product\/1239\/revisions\/1346"}],"wp:featuredmedia":[{"embeddable":true,"href":"https:\/\/promochaudiere.be\/nl\/wp-json\/wp\/v2\/media\/1921"}],"wp:attachment":[{"href":"https:\/\/promochaudiere.be\/nl\/wp-json\/wp\/v2\/media?parent=1239"}],"wp:term":[{"taxonomy":"product_brand","embeddable":true,"href":"https:\/\/promochaudiere.be\/nl\/wp-json\/wp\/v2\/product_brand?post=1239"},{"taxonomy":"product_cat","embeddable":true,"href":"https:\/\/promochaudiere.be\/nl\/wp-json\/wp\/v2\/product_cat?post=1239"},{"taxonomy":"product_tag","embeddable":true,"href":"https:\/\/promochaudiere.be\/nl\/wp-json\/wp\/v2\/product_tag?post=1239"}],"curies":[{"name":"wp","href":"https:\/\/api.w.org\/{rel}","templated":true}]}}