{"id":1256,"date":"2022-04-13T11:32:52","date_gmt":"2022-04-13T11:32:52","guid":{"rendered":"https:\/\/promochaudiere.be\/produit\/herrmann-bruleur-fuel-hl40-15-35-kw\/"},"modified":"2026-02-03T18:17:07","modified_gmt":"2026-02-03T17:17:07","slug":"herrmann-bruleur-fuel-hl40-15-35-kw","status":"publish","type":"product","link":"https:\/\/promochaudiere.be\/nl\/product\/herrmann-bruleur-fuel-hl40-15-35-kw\/","title":{"rendered":"Herrmann br\u00fbleur fuel HL40 15-35 KW"},"content":{"rendered":"<p>Vous cherchez un br\u00fbleur efficace et de qualit\u00e9\u00a0? Nous mettons \u00e0 votre disposition ce br\u00fbleur de la marque Hermann qui r\u00e9pond sp\u00e9cialement \u00e0 vos exigences.<\/p>\n<p>Ce br\u00fbleur \u00e0 faible NOx assure un contr\u00f4le de la flamme par photor\u00e9sistance. Il est dot\u00e9 d\u2019une vanne d\u2019arr\u00eat d\u2019air automatique, un allumage \u00e9lectronique et d\u2019un syst\u00e8me LE qui permet de r\u00e9duire les \u00e9missions au d\u00e9marrage et \u00e0 l\u2019arr\u00eat.<\/p>\n<p>Sa conception est faite d&rsquo;une mati\u00e8re de tr\u00e8s bonne qualit\u00e9 qui propose une durabilit\u00e9 optimale durant les ann\u00e9es d&rsquo;utilisation.<\/p>","protected":false},"excerpt":{"rendered":"<p><strong>Caract\u00e9ristiques\u00a0:<\/strong><\/p>\n<ul>\n<li>D\u00e9bit de fioul\u00a0: 1,3 &#8211; 3,2 kg\/h<\/li>\n<li>Puissance\u00a0: 15 &#8211; 35 kW<\/li>\n<li>Mode de r\u00e9gulation\u00a0: Une allure<\/li>\n<li>Tension nominale\u00a0: 230 V \/ 50 Hz<\/li>\n<\/ul>","protected":false},"featured_media":1383,"comment_status":"open","ping_status":"closed","template":"","meta":[],"product_brand":[],"product_cat":[47],"product_tag":[],"class_list":{"0":"post-1256","1":"product","2":"type-product","3":"status-publish","4":"has-post-thumbnail","6":"product_cat-bruleur-mazout","7":"pa_marque-herrmann","9":"first","10":"instock","11":"sale","12":"taxable","13":"shipping-taxable","14":"purchasable","15":"product-type-simple"},"aioseo_notices":[],"_links":{"self":[{"href":"https:\/\/promochaudiere.be\/nl\/wp-json\/wp\/v2\/product\/1256","targetHints":{"allow":["GET"]}}],"collection":[{"href":"https:\/\/promochaudiere.be\/nl\/wp-json\/wp\/v2\/product"}],"about":[{"href":"https:\/\/promochaudiere.be\/nl\/wp-json\/wp\/v2\/types\/product"}],"replies":[{"embeddable":true,"href":"https:\/\/promochaudiere.be\/nl\/wp-json\/wp\/v2\/comments?post=1256"}],"version-history":[{"count":2,"href":"https:\/\/promochaudiere.be\/nl\/wp-json\/wp\/v2\/product\/1256\/revisions"}],"predecessor-version":[{"id":51635,"href":"https:\/\/promochaudiere.be\/nl\/wp-json\/wp\/v2\/product\/1256\/revisions\/51635"}],"wp:featuredmedia":[{"embeddable":true,"href":"https:\/\/promochaudiere.be\/nl\/wp-json\/wp\/v2\/media\/1383"}],"wp:attachment":[{"href":"https:\/\/promochaudiere.be\/nl\/wp-json\/wp\/v2\/media?parent=1256"}],"wp:term":[{"taxonomy":"product_brand","embeddable":true,"href":"https:\/\/promochaudiere.be\/nl\/wp-json\/wp\/v2\/product_brand?post=1256"},{"taxonomy":"product_cat","embeddable":true,"href":"https:\/\/promochaudiere.be\/nl\/wp-json\/wp\/v2\/product_cat?post=1256"},{"taxonomy":"product_tag","embeddable":true,"href":"https:\/\/promochaudiere.be\/nl\/wp-json\/wp\/v2\/product_tag?post=1256"}],"curies":[{"name":"wp","href":"https:\/\/api.w.org\/{rel}","templated":true}]}}