{"id":1263,"date":"2022-04-13T11:32:54","date_gmt":"2022-04-13T11:32:54","guid":{"rendered":"https:\/\/promochaudiere.be\/produit\/bosch-thermostat-dambiance-cr100\/"},"modified":"2026-02-03T18:15:52","modified_gmt":"2026-02-03T17:15:52","slug":"bosch-thermostat-dambiance-cr100","status":"publish","type":"product","link":"https:\/\/promochaudiere.be\/nl\/product\/bosch-thermostat-dambiance-cr100\/","title":{"rendered":"Bosch thermostat d\u2019ambiance CR100"},"content":{"rendered":"<p>Nous vous proposons ce thermostat d\u2019ambiance de la marque Bosch qui r\u00e9pond sp\u00e9cialement \u00e0 vos besoins. Il assure une r\u00e9gulation d\u2019un seul circuit de chauffage non m\u00e9lang\u00e9.<\/p>\n<p>Ce thermostat contient un programme hebdomadaire avec 6 points d\u2019activation par jour. Il convient parfaitement pour les installations d\u2019eau chaude Solar.<\/p>","protected":false},"excerpt":{"rendered":"<p><strong>Caract\u00e9ristiques\u00a0:<\/strong><\/p>\n<ul>\n<li>Hauteur\u00a0: 94 mm<\/li>\n<li>Largeur\u00a0: 94 mm<\/li>\n<li>Profondeur\u00a0: 25 mm<\/li>\n<li>Score ErP : +3<\/li>\n<\/ul>","protected":false},"featured_media":1395,"comment_status":"open","ping_status":"closed","template":"","meta":[],"product_brand":[],"product_cat":[578],"product_tag":[],"class_list":{"0":"post-1263","1":"product","2":"type-product","3":"status-publish","4":"has-post-thumbnail","6":"product_cat-thermostat-bosch-fr","7":"pa_marque-bosch","9":"first","10":"instock","11":"sale","12":"taxable","13":"shipping-taxable","14":"purchasable","15":"product-type-simple"},"aioseo_notices":[],"_links":{"self":[{"href":"https:\/\/promochaudiere.be\/nl\/wp-json\/wp\/v2\/product\/1263","targetHints":{"allow":["GET"]}}],"collection":[{"href":"https:\/\/promochaudiere.be\/nl\/wp-json\/wp\/v2\/product"}],"about":[{"href":"https:\/\/promochaudiere.be\/nl\/wp-json\/wp\/v2\/types\/product"}],"replies":[{"embeddable":true,"href":"https:\/\/promochaudiere.be\/nl\/wp-json\/wp\/v2\/comments?post=1263"}],"version-history":[{"count":2,"href":"https:\/\/promochaudiere.be\/nl\/wp-json\/wp\/v2\/product\/1263\/revisions"}],"predecessor-version":[{"id":51630,"href":"https:\/\/promochaudiere.be\/nl\/wp-json\/wp\/v2\/product\/1263\/revisions\/51630"}],"wp:featuredmedia":[{"embeddable":true,"href":"https:\/\/promochaudiere.be\/nl\/wp-json\/wp\/v2\/media\/1395"}],"wp:attachment":[{"href":"https:\/\/promochaudiere.be\/nl\/wp-json\/wp\/v2\/media?parent=1263"}],"wp:term":[{"taxonomy":"product_brand","embeddable":true,"href":"https:\/\/promochaudiere.be\/nl\/wp-json\/wp\/v2\/product_brand?post=1263"},{"taxonomy":"product_cat","embeddable":true,"href":"https:\/\/promochaudiere.be\/nl\/wp-json\/wp\/v2\/product_cat?post=1263"},{"taxonomy":"product_tag","embeddable":true,"href":"https:\/\/promochaudiere.be\/nl\/wp-json\/wp\/v2\/product_tag?post=1263"}],"curies":[{"name":"wp","href":"https:\/\/api.w.org\/{rel}","templated":true}]}}