{"id":1264,"date":"2022-04-13T11:32:55","date_gmt":"2022-04-13T11:32:55","guid":{"rendered":"https:\/\/promochaudiere.be\/produit\/honeywell-thermostat-programmable-t4\/"},"modified":"2026-02-03T19:40:00","modified_gmt":"2026-02-03T18:40:00","slug":"honeywell-thermostat-programmable-t4","status":"publish","type":"product","link":"https:\/\/promochaudiere.be\/nl\/product\/honeywell-thermostat-programmable-t4\/","title":{"rendered":"Honeywell thermostat programmable T4"},"content":{"rendered":"<p>Nous vous proposons ce thermostat d\u2019ambiance de la marque Honeywell qui r\u00e9pond sp\u00e9cialement \u00e0 vos besoins. Il convient pour une fixation murale.<\/p>\n<p>Ce thermostat dispose d\u2019un \u00e9cran r\u00e9tro\u00e9clair\u00e9. Son design moderne lui permet de s\u2019adapter dans tout type d\u2019int\u00e9rieur. Il vous permet de contr\u00f4ler la temp\u00e9rature de votre syst\u00e8me de chauffage \u00e9lectrique.<\/p>","protected":false},"excerpt":{"rendered":"<p><strong>Caract\u00e9ristiques\u00a0:<\/strong><\/p>\n<ul>\n<li>Hauteur\u00a0: 97 mm<\/li>\n<li>Largeur\u00a0: 136 mm<\/li>\n<li>Profondeur\u00a0: 28 mm<\/li>\n<li>Couleur\u00a0: Blanc<\/li>\n<li>Indice de protection (IP)\u00a0: IP30<\/li>\n<\/ul>","protected":false},"featured_media":1397,"comment_status":"open","ping_status":"closed","template":"","meta":[],"product_brand":[],"product_cat":[530],"product_tag":[],"class_list":{"0":"post-1264","1":"product","2":"type-product","3":"status-publish","4":"has-post-thumbnail","6":"product_cat-thermostat-honeywell","7":"pa_marque-honeywell","9":"first","10":"instock","11":"sale","12":"taxable","13":"shipping-taxable","14":"purchasable","15":"product-type-simple"},"aioseo_notices":[],"_links":{"self":[{"href":"https:\/\/promochaudiere.be\/nl\/wp-json\/wp\/v2\/product\/1264","targetHints":{"allow":["GET"]}}],"collection":[{"href":"https:\/\/promochaudiere.be\/nl\/wp-json\/wp\/v2\/product"}],"about":[{"href":"https:\/\/promochaudiere.be\/nl\/wp-json\/wp\/v2\/types\/product"}],"replies":[{"embeddable":true,"href":"https:\/\/promochaudiere.be\/nl\/wp-json\/wp\/v2\/comments?post=1264"}],"version-history":[{"count":1,"href":"https:\/\/promochaudiere.be\/nl\/wp-json\/wp\/v2\/product\/1264\/revisions"}],"predecessor-version":[{"id":51623,"href":"https:\/\/promochaudiere.be\/nl\/wp-json\/wp\/v2\/product\/1264\/revisions\/51623"}],"wp:featuredmedia":[{"embeddable":true,"href":"https:\/\/promochaudiere.be\/nl\/wp-json\/wp\/v2\/media\/1397"}],"wp:attachment":[{"href":"https:\/\/promochaudiere.be\/nl\/wp-json\/wp\/v2\/media?parent=1264"}],"wp:term":[{"taxonomy":"product_brand","embeddable":true,"href":"https:\/\/promochaudiere.be\/nl\/wp-json\/wp\/v2\/product_brand?post=1264"},{"taxonomy":"product_cat","embeddable":true,"href":"https:\/\/promochaudiere.be\/nl\/wp-json\/wp\/v2\/product_cat?post=1264"},{"taxonomy":"product_tag","embeddable":true,"href":"https:\/\/promochaudiere.be\/nl\/wp-json\/wp\/v2\/product_tag?post=1264"}],"curies":[{"name":"wp","href":"https:\/\/api.w.org\/{rel}","templated":true}]}}