{"id":1269,"date":"2022-04-13T11:32:56","date_gmt":"2022-04-13T11:32:56","guid":{"rendered":"https:\/\/promochaudiere.be\/produit\/acv-boiler-smart-sl-240l-avec-groupe-de-securite-3-4\/"},"modified":"2026-02-03T19:40:17","modified_gmt":"2026-02-03T18:40:17","slug":"acv-boiler-smart-sl-240l-avec-groupe-de-securite-3-4","status":"publish","type":"product","link":"https:\/\/promochaudiere.be\/nl\/product\/acv-boiler-smart-sl-240l-avec-groupe-de-securite-3-4\/","title":{"rendered":"ACV boiler smart SL 240L avec groupe de s\u00e9curit\u00e9 3\/4&Prime;"},"content":{"rendered":"<p>D\u00e9couvrez chez nous les boilers efficaces et de bonne qualit\u00e9 de la marque ACV qui r\u00e9pondent certainement \u00e0 vos exigences.<\/p>\n<p>Ce boiler pour une installation au sol ou murale verticale. Il assure une isolation en mousse de polyur\u00e9thane de haute qualit\u00e9. Il dispose d\u2019un thermostat de commande et d\u2019un thermom\u00e8tre.<\/p>","protected":false},"excerpt":{"rendered":"<p><strong>Caract\u00e9ristiques\u00a0<\/strong>:<\/p>\n<ul>\n<li>Capacit\u00e9 totale\u00a0: 240 L<\/li>\n<li>Classe d\u2019efficacit\u00e9 \u00e9nerg\u00e9tique\u00a0: B<\/li>\n<li>Dimensions\u00a0: 1744x1508x1244 mm<\/li>\n<\/ul>","protected":false},"featured_media":1464,"comment_status":"open","ping_status":"closed","template":"","meta":[],"product_brand":[],"product_cat":[10965],"product_tag":[],"class_list":{"0":"post-1269","1":"product","2":"type-product","3":"status-publish","4":"has-post-thumbnail","6":"product_cat-acv","7":"pa_marque-acv","9":"first","10":"instock","11":"sale","12":"taxable","13":"shipping-taxable","14":"purchasable","15":"product-type-simple"},"aioseo_notices":[],"_links":{"self":[{"href":"https:\/\/promochaudiere.be\/nl\/wp-json\/wp\/v2\/product\/1269","targetHints":{"allow":["GET"]}}],"collection":[{"href":"https:\/\/promochaudiere.be\/nl\/wp-json\/wp\/v2\/product"}],"about":[{"href":"https:\/\/promochaudiere.be\/nl\/wp-json\/wp\/v2\/types\/product"}],"replies":[{"embeddable":true,"href":"https:\/\/promochaudiere.be\/nl\/wp-json\/wp\/v2\/comments?post=1269"}],"version-history":[{"count":1,"href":"https:\/\/promochaudiere.be\/nl\/wp-json\/wp\/v2\/product\/1269\/revisions"}],"predecessor-version":[{"id":51618,"href":"https:\/\/promochaudiere.be\/nl\/wp-json\/wp\/v2\/product\/1269\/revisions\/51618"}],"wp:featuredmedia":[{"embeddable":true,"href":"https:\/\/promochaudiere.be\/nl\/wp-json\/wp\/v2\/media\/1464"}],"wp:attachment":[{"href":"https:\/\/promochaudiere.be\/nl\/wp-json\/wp\/v2\/media?parent=1269"}],"wp:term":[{"taxonomy":"product_brand","embeddable":true,"href":"https:\/\/promochaudiere.be\/nl\/wp-json\/wp\/v2\/product_brand?post=1269"},{"taxonomy":"product_cat","embeddable":true,"href":"https:\/\/promochaudiere.be\/nl\/wp-json\/wp\/v2\/product_cat?post=1269"},{"taxonomy":"product_tag","embeddable":true,"href":"https:\/\/promochaudiere.be\/nl\/wp-json\/wp\/v2\/product_tag?post=1269"}],"curies":[{"name":"wp","href":"https:\/\/api.w.org\/{rel}","templated":true}]}}