{"id":1270,"date":"2022-04-13T11:32:56","date_gmt":"2022-04-13T11:32:56","guid":{"rendered":"https:\/\/promochaudiere.be\/produit\/acv-boiler-comfort-160\/"},"modified":"2026-02-03T19:40:11","modified_gmt":"2026-02-03T18:40:11","slug":"acv-boiler-comfort-160","status":"publish","type":"product","link":"https:\/\/promochaudiere.be\/nl\/product\/acv-boiler-comfort-160\/","title":{"rendered":"ACV boiler Comfort 160"},"content":{"rendered":"<p>D\u00e9couvrez chez nous les boilers efficaces et de bonne qualit\u00e9 de la marque ACV qui r\u00e9pondent certainement \u00e0 vos exigences.<\/p>\n<p>Ce boiler convient pour une installation au sol ou murale verticale. Il assure une isolation en mousse de polyur\u00e9thane de haute qualit\u00e9. Il dispose d\u2019un thermostat de commande.<\/p>","protected":false},"excerpt":{"rendered":"<p><strong>Caract\u00e9ristiques\u00a0<\/strong>:<\/p>\n<ul>\n<li>Capacit\u00e9 totale\u00a0: 160 L<\/li>\n<li>Classe d\u2019efficacit\u00e9 \u00e9nerg\u00e9tique\u00a0: C<\/li>\n<li>Dimensions\u00a0: 1205x940x215 mm<\/li>\n<\/ul>","protected":false},"featured_media":1465,"comment_status":"open","ping_status":"closed","template":"","meta":[],"product_brand":[],"product_cat":[10965],"product_tag":[],"class_list":{"0":"post-1270","1":"product","2":"type-product","3":"status-publish","4":"has-post-thumbnail","6":"product_cat-acv","7":"pa_marque-acv","9":"first","10":"instock","11":"sale","12":"taxable","13":"shipping-taxable","14":"purchasable","15":"product-type-simple"},"aioseo_notices":[],"_links":{"self":[{"href":"https:\/\/promochaudiere.be\/nl\/wp-json\/wp\/v2\/product\/1270","targetHints":{"allow":["GET"]}}],"collection":[{"href":"https:\/\/promochaudiere.be\/nl\/wp-json\/wp\/v2\/product"}],"about":[{"href":"https:\/\/promochaudiere.be\/nl\/wp-json\/wp\/v2\/types\/product"}],"replies":[{"embeddable":true,"href":"https:\/\/promochaudiere.be\/nl\/wp-json\/wp\/v2\/comments?post=1270"}],"version-history":[{"count":2,"href":"https:\/\/promochaudiere.be\/nl\/wp-json\/wp\/v2\/product\/1270\/revisions"}],"predecessor-version":[{"id":51619,"href":"https:\/\/promochaudiere.be\/nl\/wp-json\/wp\/v2\/product\/1270\/revisions\/51619"}],"wp:featuredmedia":[{"embeddable":true,"href":"https:\/\/promochaudiere.be\/nl\/wp-json\/wp\/v2\/media\/1465"}],"wp:attachment":[{"href":"https:\/\/promochaudiere.be\/nl\/wp-json\/wp\/v2\/media?parent=1270"}],"wp:term":[{"taxonomy":"product_brand","embeddable":true,"href":"https:\/\/promochaudiere.be\/nl\/wp-json\/wp\/v2\/product_brand?post=1270"},{"taxonomy":"product_cat","embeddable":true,"href":"https:\/\/promochaudiere.be\/nl\/wp-json\/wp\/v2\/product_cat?post=1270"},{"taxonomy":"product_tag","embeddable":true,"href":"https:\/\/promochaudiere.be\/nl\/wp-json\/wp\/v2\/product_tag?post=1270"}],"curies":[{"name":"wp","href":"https:\/\/api.w.org\/{rel}","templated":true}]}}