{"id":1275,"date":"2022-04-13T11:32:57","date_gmt":"2022-04-13T11:32:57","guid":{"rendered":"https:\/\/promochaudiere.be\/produit\/bulex-boiler-r-we-150-me\/"},"modified":"2026-02-03T19:40:13","modified_gmt":"2026-02-03T18:40:13","slug":"bulex-boiler-r-we-150-me","status":"publish","type":"product","link":"https:\/\/promochaudiere.be\/nl\/product\/bulex-boiler-r-we-150-me\/","title":{"rendered":"Bulex boiler R WE 150 ME"},"content":{"rendered":"<p>Installez chez-vous ce boiler WE 150 ME de la marque Bulex qui permet de disposer d\u2019eau chaude plus rapidement. Avec son design compact, ce boiler s\u2019adapte parfaitement dans votre maison. Il assure une isolation performante.<\/p>\n<p>Sa conception est con\u00e7ue \u00e0 partir de mat\u00e9riau de tr\u00e8s bonne qualit\u00e9 qui assurera une durabilit\u00e9 optimale.<\/p>","protected":false},"excerpt":{"rendered":"<p><strong>Caract\u00e9ristiques\u00a0:<\/strong><\/p>\n<ul>\n<li>Capacit\u00e9\u00a0: 150 L<\/li>\n<li>Hauteur\u00a0: 1317 mm<\/li>\n<li>Largeur\u00a0: 479 mm<\/li>\n<li>Profondeur\u00a0: 483 mm<\/li>\n<\/ul>","protected":false},"featured_media":1916,"comment_status":"open","ping_status":"closed","template":"","meta":[],"product_brand":[],"product_cat":[10957],"product_tag":[],"class_list":{"0":"post-1275","1":"product","2":"type-product","3":"status-publish","4":"has-post-thumbnail","6":"product_cat-bulex-fr","7":"pa_marque-bulex","9":"first","10":"instock","11":"sale","12":"taxable","13":"shipping-taxable","14":"purchasable","15":"product-type-simple"},"aioseo_notices":[],"_links":{"self":[{"href":"https:\/\/promochaudiere.be\/nl\/wp-json\/wp\/v2\/product\/1275","targetHints":{"allow":["GET"]}}],"collection":[{"href":"https:\/\/promochaudiere.be\/nl\/wp-json\/wp\/v2\/product"}],"about":[{"href":"https:\/\/promochaudiere.be\/nl\/wp-json\/wp\/v2\/types\/product"}],"replies":[{"embeddable":true,"href":"https:\/\/promochaudiere.be\/nl\/wp-json\/wp\/v2\/comments?post=1275"}],"version-history":[{"count":2,"href":"https:\/\/promochaudiere.be\/nl\/wp-json\/wp\/v2\/product\/1275\/revisions"}],"predecessor-version":[{"id":51614,"href":"https:\/\/promochaudiere.be\/nl\/wp-json\/wp\/v2\/product\/1275\/revisions\/51614"}],"wp:featuredmedia":[{"embeddable":true,"href":"https:\/\/promochaudiere.be\/nl\/wp-json\/wp\/v2\/media\/1916"}],"wp:attachment":[{"href":"https:\/\/promochaudiere.be\/nl\/wp-json\/wp\/v2\/media?parent=1275"}],"wp:term":[{"taxonomy":"product_brand","embeddable":true,"href":"https:\/\/promochaudiere.be\/nl\/wp-json\/wp\/v2\/product_brand?post=1275"},{"taxonomy":"product_cat","embeddable":true,"href":"https:\/\/promochaudiere.be\/nl\/wp-json\/wp\/v2\/product_cat?post=1275"},{"taxonomy":"product_tag","embeddable":true,"href":"https:\/\/promochaudiere.be\/nl\/wp-json\/wp\/v2\/product_tag?post=1275"}],"curies":[{"name":"wp","href":"https:\/\/api.w.org\/{rel}","templated":true}]}}