{"id":1296,"date":"2022-04-13T11:33:02","date_gmt":"2022-04-13T11:33:02","guid":{"rendered":"https:\/\/promochaudiere.be\/produit\/zilmet-vase-dexpansion-cc-35-l-15-kg\/"},"modified":"2026-02-03T18:15:01","modified_gmt":"2026-02-03T17:15:01","slug":"zilmet-vase-dexpansion-cc-35-l-15-kg","status":"publish","type":"product","link":"https:\/\/promochaudiere.be\/nl\/product\/zilmet-vase-dexpansion-cc-35-l-15-kg\/","title":{"rendered":"Zilmet vase d\u2019expansion CC 35 L 1,5 KG"},"content":{"rendered":"<p>Le vase d\u2019expansion de la marque Zilmet est la solution id\u00e9ale qui r\u00e9pond certainement \u00e0 vos exigences. Il convient parfaitement pour les installations de chauffage central en circuit ferm\u00e9.<\/p>","protected":false},"excerpt":{"rendered":"<p><strong>Caract\u00e9ristiques\u00a0:<\/strong><\/p>\n<ul>\n<li>Pression maximale de service\u00a0: 4 bar<\/li>\n<li>Temp\u00e9rature de service\u00a0: -10\/+99\u00b0C<\/li>\n<li>Pr\u00e9-gonflage\u00a0: 1,5 bar<\/li>\n<li>Capacit\u00e9\u00a0: 35 L<\/li>\n<li>Diam\u00e8tre\u00a0: 404 mm<\/li>\n<li>Hauteur\u00a0: 408 mm<\/li>\n<li>\u00d8 RACCORD\u00a0: 3\/4&Prime;G<\/li>\n<\/ul>","protected":false},"featured_media":1516,"comment_status":"open","ping_status":"closed","template":"","meta":[],"product_brand":[],"product_cat":[11001],"product_tag":[],"class_list":{"0":"post-1296","1":"product","2":"type-product","3":"status-publish","4":"has-post-thumbnail","6":"product_cat-vase-dexpansion-chauffage","7":"pa_marque-zilmet","9":"first","10":"instock","11":"sale","12":"taxable","13":"shipping-taxable","14":"purchasable","15":"product-type-simple"},"aioseo_notices":[],"_links":{"self":[{"href":"https:\/\/promochaudiere.be\/nl\/wp-json\/wp\/v2\/product\/1296","targetHints":{"allow":["GET"]}}],"collection":[{"href":"https:\/\/promochaudiere.be\/nl\/wp-json\/wp\/v2\/product"}],"about":[{"href":"https:\/\/promochaudiere.be\/nl\/wp-json\/wp\/v2\/types\/product"}],"replies":[{"embeddable":true,"href":"https:\/\/promochaudiere.be\/nl\/wp-json\/wp\/v2\/comments?post=1296"}],"version-history":[{"count":0,"href":"https:\/\/promochaudiere.be\/nl\/wp-json\/wp\/v2\/product\/1296\/revisions"}],"wp:featuredmedia":[{"embeddable":true,"href":"https:\/\/promochaudiere.be\/nl\/wp-json\/wp\/v2\/media\/1516"}],"wp:attachment":[{"href":"https:\/\/promochaudiere.be\/nl\/wp-json\/wp\/v2\/media?parent=1296"}],"wp:term":[{"taxonomy":"product_brand","embeddable":true,"href":"https:\/\/promochaudiere.be\/nl\/wp-json\/wp\/v2\/product_brand?post=1296"},{"taxonomy":"product_cat","embeddable":true,"href":"https:\/\/promochaudiere.be\/nl\/wp-json\/wp\/v2\/product_cat?post=1296"},{"taxonomy":"product_tag","embeddable":true,"href":"https:\/\/promochaudiere.be\/nl\/wp-json\/wp\/v2\/product_tag?post=1296"}],"curies":[{"name":"wp","href":"https:\/\/api.w.org\/{rel}","templated":true}]}}