{"id":1299,"date":"2022-04-13T11:33:03","date_gmt":"2022-04-13T11:33:03","guid":{"rendered":"https:\/\/promochaudiere.be\/produit\/pneumatex-vase-dexpansion-cc-statico-12-l-3-bar\/"},"modified":"2026-02-03T19:39:55","modified_gmt":"2026-02-03T18:39:55","slug":"pneumatex-vase-dexpansion-cc-statico-12-l-3-bar","status":"publish","type":"product","link":"https:\/\/promochaudiere.be\/nl\/product\/pneumatex-vase-dexpansion-cc-statico-12-l-3-bar\/","title":{"rendered":"Pneumatex vase d\u2019expansion CC Statico 12 L 3 bar"},"content":{"rendered":"<p>Le vase d\u2019expansion de la marque Pneumatex est la solution id\u00e9ale qui r\u00e9pond certainement \u00e0 vos exigences. Il convient parfaitement pour les installations de chauffage, les installations solaires et les installations de refroidissement.<\/p>","protected":false},"excerpt":{"rendered":"<p><strong>Caract\u00e9ristiques\u00a0:<\/strong><\/p>\n<ul>\n<li>Pression maximale de service\u00a0: 3 bar<\/li>\n<li>Capacit\u00e9\u00a0: 12 L<\/li>\n<li>Diam\u00e8tre\u00a0: 352 mm<\/li>\n<li>Hauteur\u00a0: 199 mm<\/li>\n<\/ul>","protected":false},"featured_media":1521,"comment_status":"open","ping_status":"closed","template":"","meta":[],"product_brand":[],"product_cat":[11001],"product_tag":[],"class_list":{"0":"post-1299","1":"product","2":"type-product","3":"status-publish","4":"has-post-thumbnail","6":"product_cat-vase-dexpansion-chauffage","7":"pa_marque-pneumatex","9":"first","10":"instock","11":"sale","12":"taxable","13":"shipping-taxable","14":"purchasable","15":"product-type-simple"},"aioseo_notices":[],"_links":{"self":[{"href":"https:\/\/promochaudiere.be\/nl\/wp-json\/wp\/v2\/product\/1299","targetHints":{"allow":["GET"]}}],"collection":[{"href":"https:\/\/promochaudiere.be\/nl\/wp-json\/wp\/v2\/product"}],"about":[{"href":"https:\/\/promochaudiere.be\/nl\/wp-json\/wp\/v2\/types\/product"}],"replies":[{"embeddable":true,"href":"https:\/\/promochaudiere.be\/nl\/wp-json\/wp\/v2\/comments?post=1299"}],"version-history":[{"count":2,"href":"https:\/\/promochaudiere.be\/nl\/wp-json\/wp\/v2\/product\/1299\/revisions"}],"predecessor-version":[{"id":51592,"href":"https:\/\/promochaudiere.be\/nl\/wp-json\/wp\/v2\/product\/1299\/revisions\/51592"}],"wp:featuredmedia":[{"embeddable":true,"href":"https:\/\/promochaudiere.be\/nl\/wp-json\/wp\/v2\/media\/1521"}],"wp:attachment":[{"href":"https:\/\/promochaudiere.be\/nl\/wp-json\/wp\/v2\/media?parent=1299"}],"wp:term":[{"taxonomy":"product_brand","embeddable":true,"href":"https:\/\/promochaudiere.be\/nl\/wp-json\/wp\/v2\/product_brand?post=1299"},{"taxonomy":"product_cat","embeddable":true,"href":"https:\/\/promochaudiere.be\/nl\/wp-json\/wp\/v2\/product_cat?post=1299"},{"taxonomy":"product_tag","embeddable":true,"href":"https:\/\/promochaudiere.be\/nl\/wp-json\/wp\/v2\/product_tag?post=1299"}],"curies":[{"name":"wp","href":"https:\/\/api.w.org\/{rel}","templated":true}]}}