{"id":1300,"date":"2022-04-13T11:33:03","date_gmt":"2022-04-13T11:33:03","guid":{"rendered":"https:\/\/promochaudiere.be\/produit\/flamco-vase-dexpansion-chauffage-central-flexcon-25-1kg\/"},"modified":"2026-02-03T18:13:47","modified_gmt":"2026-02-03T17:13:47","slug":"flamco-vase-dexpansion-chauffage-central-flexcon-25-1kg","status":"publish","type":"product","link":"https:\/\/promochaudiere.be\/nl\/product\/flamco-vase-dexpansion-chauffage-central-flexcon-25-1kg\/","title":{"rendered":"Flamco vase d\u2019expansion chauffage central Flexcon 25 1KG"},"content":{"rendered":"<p>Nous mettons \u00e0 votre disposition ce vase d\u2019expansion de la marque Flamco qui ira r\u00e9pond parfaitement \u00e0 vos besoins. Il convient parfaitement pour les installations en circuit ferm\u00e9 et de chauffage de climatisation.<\/p>","protected":false},"excerpt":{"rendered":"<p><strong>Caract\u00e9ristiques\u00a0:<\/strong><\/p>\n<ul>\n<li>Pression maximale de service\u00a0: 3 bar<\/li>\n<li>Capacit\u00e9\u00a0: 25 L<\/li>\n<li>Dimensions\u00a0: 328&#215;421 mm<\/li>\n<li>Raccord (E)\u00a0: R3\/4&Prime;<\/li>\n<li>Couleur\u00a0: Rouge RAL 3002<\/li>\n<\/ul>","protected":false},"featured_media":1523,"comment_status":"open","ping_status":"closed","template":"","meta":[],"product_brand":[],"product_cat":[11001],"product_tag":[],"class_list":{"0":"post-1300","1":"product","2":"type-product","3":"status-publish","4":"has-post-thumbnail","6":"product_cat-vase-dexpansion-chauffage","7":"pa_marque-flamco","9":"first","10":"instock","11":"sale","12":"taxable","13":"shipping-taxable","14":"purchasable","15":"product-type-simple"},"aioseo_notices":[],"_links":{"self":[{"href":"https:\/\/promochaudiere.be\/nl\/wp-json\/wp\/v2\/product\/1300","targetHints":{"allow":["GET"]}}],"collection":[{"href":"https:\/\/promochaudiere.be\/nl\/wp-json\/wp\/v2\/product"}],"about":[{"href":"https:\/\/promochaudiere.be\/nl\/wp-json\/wp\/v2\/types\/product"}],"replies":[{"embeddable":true,"href":"https:\/\/promochaudiere.be\/nl\/wp-json\/wp\/v2\/comments?post=1300"}],"version-history":[{"count":2,"href":"https:\/\/promochaudiere.be\/nl\/wp-json\/wp\/v2\/product\/1300\/revisions"}],"predecessor-version":[{"id":51593,"href":"https:\/\/promochaudiere.be\/nl\/wp-json\/wp\/v2\/product\/1300\/revisions\/51593"}],"wp:featuredmedia":[{"embeddable":true,"href":"https:\/\/promochaudiere.be\/nl\/wp-json\/wp\/v2\/media\/1523"}],"wp:attachment":[{"href":"https:\/\/promochaudiere.be\/nl\/wp-json\/wp\/v2\/media?parent=1300"}],"wp:term":[{"taxonomy":"product_brand","embeddable":true,"href":"https:\/\/promochaudiere.be\/nl\/wp-json\/wp\/v2\/product_brand?post=1300"},{"taxonomy":"product_cat","embeddable":true,"href":"https:\/\/promochaudiere.be\/nl\/wp-json\/wp\/v2\/product_cat?post=1300"},{"taxonomy":"product_tag","embeddable":true,"href":"https:\/\/promochaudiere.be\/nl\/wp-json\/wp\/v2\/product_tag?post=1300"}],"curies":[{"name":"wp","href":"https:\/\/api.w.org\/{rel}","templated":true}]}}