{"id":1306,"date":"2022-04-13T11:33:04","date_gmt":"2022-04-13T11:33:04","guid":{"rendered":"https:\/\/promochaudiere.be\/produit\/pneumatex-vase-dexpansion-sanitaire-aquapresso-8l-10bar\/"},"modified":"2026-02-03T19:39:59","modified_gmt":"2026-02-03T18:39:59","slug":"pneumatex-vase-dexpansion-sanitaire-aquapresso-8l-10bar","status":"publish","type":"product","link":"https:\/\/promochaudiere.be\/nl\/product\/pneumatex-vase-dexpansion-sanitaire-aquapresso-8l-10bar\/","title":{"rendered":"Pneumatex vase d\u2019expansion sanitaire Aquapresso 8L 10bar"},"content":{"rendered":"<p>Nous mettons \u00e0 votre disposition ce vase d\u2019expansion de la marque Pneumatex qui ira r\u00e9pond parfaitement \u00e0 vos besoins. Il convient parfaitement pour les syst\u00e8mes d\u2019eau potable. La vessie \u00e9tanche est fabriqu\u00e9e en caoutchouc butyle de haute qualit\u00e9.<\/p>","protected":false},"excerpt":{"rendered":"<p><strong>Caract\u00e9ristiques\u00a0:<\/strong><\/p>\n<ul>\n<li>Pression maximale de service\u00a0: 10 bar<\/li>\n<li>Capacit\u00e9\u00a0: 8 L<\/li>\n<li>Diam\u00e8tre\u00a0: 314 mm<\/li>\n<li>Hauteur\u00a0: 166 mm<\/li>\n<\/ul>","protected":false},"featured_media":1534,"comment_status":"open","ping_status":"closed","template":"","meta":[],"product_brand":[],"product_cat":[322],"product_tag":[],"class_list":{"0":"post-1306","1":"product","2":"type-product","3":"status-publish","4":"has-post-thumbnail","6":"product_cat-vase-dexpansion","7":"pa_marque-pneumatex","9":"first","10":"instock","11":"sale","12":"taxable","13":"shipping-taxable","14":"purchasable","15":"product-type-simple"},"aioseo_notices":[],"_links":{"self":[{"href":"https:\/\/promochaudiere.be\/nl\/wp-json\/wp\/v2\/product\/1306","targetHints":{"allow":["GET"]}}],"collection":[{"href":"https:\/\/promochaudiere.be\/nl\/wp-json\/wp\/v2\/product"}],"about":[{"href":"https:\/\/promochaudiere.be\/nl\/wp-json\/wp\/v2\/types\/product"}],"replies":[{"embeddable":true,"href":"https:\/\/promochaudiere.be\/nl\/wp-json\/wp\/v2\/comments?post=1306"}],"version-history":[{"count":2,"href":"https:\/\/promochaudiere.be\/nl\/wp-json\/wp\/v2\/product\/1306\/revisions"}],"predecessor-version":[{"id":51589,"href":"https:\/\/promochaudiere.be\/nl\/wp-json\/wp\/v2\/product\/1306\/revisions\/51589"}],"wp:featuredmedia":[{"embeddable":true,"href":"https:\/\/promochaudiere.be\/nl\/wp-json\/wp\/v2\/media\/1534"}],"wp:attachment":[{"href":"https:\/\/promochaudiere.be\/nl\/wp-json\/wp\/v2\/media?parent=1306"}],"wp:term":[{"taxonomy":"product_brand","embeddable":true,"href":"https:\/\/promochaudiere.be\/nl\/wp-json\/wp\/v2\/product_brand?post=1306"},{"taxonomy":"product_cat","embeddable":true,"href":"https:\/\/promochaudiere.be\/nl\/wp-json\/wp\/v2\/product_cat?post=1306"},{"taxonomy":"product_tag","embeddable":true,"href":"https:\/\/promochaudiere.be\/nl\/wp-json\/wp\/v2\/product_tag?post=1306"}],"curies":[{"name":"wp","href":"https:\/\/api.w.org\/{rel}","templated":true}]}}