{"id":1311,"date":"2022-04-13T11:33:05","date_gmt":"2022-04-13T11:33:05","guid":{"rendered":"https:\/\/promochaudiere.be\/produit\/flamco-vase-dexpansion-chauffage-central-flexcon-plat-35-1kg\/"},"modified":"2026-02-03T19:40:00","modified_gmt":"2026-02-03T18:40:00","slug":"flamco-vase-dexpansion-chauffage-central-flexcon-plat-35-1kg","status":"publish","type":"product","link":"https:\/\/promochaudiere.be\/nl\/product\/flamco-vase-dexpansion-chauffage-central-flexcon-plat-35-1kg\/","title":{"rendered":"Flamco vase d\u2019expansion chauffage central Flexcon plat 35 1KG"},"content":{"rendered":"<p>Vous \u00eates toujours \u00e0 la recherche d\u2019un vase d\u2019expansion avec un bon prix\u00a0? D\u00e9couvrez alors ce vase d\u2019expansion de la marque Flamco qui ira parfaitement pour vous\u00a0!<\/p>\n<p>Il convient parfaitement pour les installations de chauffage central en circuit ferm\u00e9 et de climatisation en circuit ferm\u00e9, et les installations de r\u00e9frig\u00e9ration.<\/p>","protected":false},"excerpt":{"rendered":"<p><strong>Caract\u00e9ristiques\u00a0:<\/strong><\/p>\n<ul>\n<li>Pression maximale de service\u00a0: 3 bar<\/li>\n<li>Capacit\u00e9\u00a0: 35 L<\/li>\n<li>Couleur : RAL 3002<\/li>\n<li>Dimensions\u00a0: 435x450x333 mm<\/li>\n<li>Raccord : G3\/4&Prime; M<\/li>\n<\/ul>","protected":false},"featured_media":1544,"comment_status":"open","ping_status":"closed","template":"","meta":[],"product_brand":[],"product_cat":[11001],"product_tag":[],"class_list":{"0":"post-1311","1":"product","2":"type-product","3":"status-publish","4":"has-post-thumbnail","6":"product_cat-vase-dexpansion-chauffage","7":"pa_marque-flamco","9":"first","10":"instock","11":"sale","12":"taxable","13":"shipping-taxable","14":"purchasable","15":"product-type-simple"},"aioseo_notices":[],"_links":{"self":[{"href":"https:\/\/promochaudiere.be\/nl\/wp-json\/wp\/v2\/product\/1311","targetHints":{"allow":["GET"]}}],"collection":[{"href":"https:\/\/promochaudiere.be\/nl\/wp-json\/wp\/v2\/product"}],"about":[{"href":"https:\/\/promochaudiere.be\/nl\/wp-json\/wp\/v2\/types\/product"}],"replies":[{"embeddable":true,"href":"https:\/\/promochaudiere.be\/nl\/wp-json\/wp\/v2\/comments?post=1311"}],"version-history":[{"count":2,"href":"https:\/\/promochaudiere.be\/nl\/wp-json\/wp\/v2\/product\/1311\/revisions"}],"predecessor-version":[{"id":51585,"href":"https:\/\/promochaudiere.be\/nl\/wp-json\/wp\/v2\/product\/1311\/revisions\/51585"}],"wp:featuredmedia":[{"embeddable":true,"href":"https:\/\/promochaudiere.be\/nl\/wp-json\/wp\/v2\/media\/1544"}],"wp:attachment":[{"href":"https:\/\/promochaudiere.be\/nl\/wp-json\/wp\/v2\/media?parent=1311"}],"wp:term":[{"taxonomy":"product_brand","embeddable":true,"href":"https:\/\/promochaudiere.be\/nl\/wp-json\/wp\/v2\/product_brand?post=1311"},{"taxonomy":"product_cat","embeddable":true,"href":"https:\/\/promochaudiere.be\/nl\/wp-json\/wp\/v2\/product_cat?post=1311"},{"taxonomy":"product_tag","embeddable":true,"href":"https:\/\/promochaudiere.be\/nl\/wp-json\/wp\/v2\/product_tag?post=1311"}],"curies":[{"name":"wp","href":"https:\/\/api.w.org\/{rel}","templated":true}]}}