{"id":1318,"date":"2022-04-13T11:33:07","date_gmt":"2022-04-13T11:33:07","guid":{"rendered":"https:\/\/promochaudiere.be\/produit\/grundfos-circulateur-ecs-comfort-15-14-bxa-pm-l140-4-4\/"},"modified":"2026-02-03T19:40:08","modified_gmt":"2026-02-03T18:40:08","slug":"grundfos-circulateur-ecs-comfort-15-14-bxa-pm-l140-4-4","status":"publish","type":"product","link":"https:\/\/promochaudiere.be\/nl\/product\/grundfos-circulateur-ecs-comfort-15-14-bxa-pm-l140-4-4\/","title":{"rendered":"Grundfos circulateur ECS comfort 15-14 BXA PM L140 4\/4&Prime;"},"content":{"rendered":"<p>Besoin d\u2019un circulateur efficace et de bonne qualit\u00e9\u00a0? Ce mod\u00e8le de la marque Grundfos r\u00e9pond certainement \u00e0 vos exigences.<\/p>\n<p>Ce circulateur vous assure un contr\u00f4le parfait de la recirculation de l\u2019eau chaude sanitaire. Il dispose d\u2019un moteur \u00e0 haut rendement.<\/p>","protected":false},"excerpt":{"rendered":"<p><strong>Caract\u00e9ristiques\u00a0:<\/strong><\/p>\n<ul>\n<li>Pression maximale de service\u00a0: 10 bar<\/li>\n<li>Type raccordement\u00a0: G<\/li>\n<li>Raccordement tuyauterie\u00a0: 1<\/li>\n<li>Entraxe : 140 mm<\/li>\n<li>Puissance absorb\u00e9e en vitesse 3\u00a0: 7W<\/li>\n<li>Fr\u00e9quence d&rsquo;alimentation\u00a0: 50 \/ 60 Hz<\/li>\n<li>Tension nominale\u00a0: 230 V<\/li>\n<li>Indice de protection\u00a0: IP44<\/li>\n<li>Classe d&rsquo;isolement\u00a0: F<\/li>\n<\/ul>","protected":false},"featured_media":1556,"comment_status":"open","ping_status":"closed","template":"","meta":[],"product_brand":[],"product_cat":[660],"product_tag":[],"class_list":{"0":"post-1318","1":"product","2":"type-product","3":"status-publish","4":"has-post-thumbnail","6":"product_cat-circulateur","7":"pa_marque-grundfos","9":"first","10":"instock","11":"sale","12":"taxable","13":"shipping-taxable","14":"purchasable","15":"product-type-simple"},"aioseo_notices":[],"_links":{"self":[{"href":"https:\/\/promochaudiere.be\/nl\/wp-json\/wp\/v2\/product\/1318","targetHints":{"allow":["GET"]}}],"collection":[{"href":"https:\/\/promochaudiere.be\/nl\/wp-json\/wp\/v2\/product"}],"about":[{"href":"https:\/\/promochaudiere.be\/nl\/wp-json\/wp\/v2\/types\/product"}],"replies":[{"embeddable":true,"href":"https:\/\/promochaudiere.be\/nl\/wp-json\/wp\/v2\/comments?post=1318"}],"version-history":[{"count":2,"href":"https:\/\/promochaudiere.be\/nl\/wp-json\/wp\/v2\/product\/1318\/revisions"}],"predecessor-version":[{"id":51577,"href":"https:\/\/promochaudiere.be\/nl\/wp-json\/wp\/v2\/product\/1318\/revisions\/51577"}],"wp:featuredmedia":[{"embeddable":true,"href":"https:\/\/promochaudiere.be\/nl\/wp-json\/wp\/v2\/media\/1556"}],"wp:attachment":[{"href":"https:\/\/promochaudiere.be\/nl\/wp-json\/wp\/v2\/media?parent=1318"}],"wp:term":[{"taxonomy":"product_brand","embeddable":true,"href":"https:\/\/promochaudiere.be\/nl\/wp-json\/wp\/v2\/product_brand?post=1318"},{"taxonomy":"product_cat","embeddable":true,"href":"https:\/\/promochaudiere.be\/nl\/wp-json\/wp\/v2\/product_cat?post=1318"},{"taxonomy":"product_tag","embeddable":true,"href":"https:\/\/promochaudiere.be\/nl\/wp-json\/wp\/v2\/product_tag?post=1318"}],"curies":[{"name":"wp","href":"https:\/\/api.w.org\/{rel}","templated":true}]}}