{"id":1319,"date":"2022-04-13T11:33:07","date_gmt":"2022-04-13T11:33:07","guid":{"rendered":"https:\/\/promochaudiere.be\/produit\/grundfos-circulateur-ecs-comfort-15-14-ba-pm-l80-1-2f\/"},"modified":"2026-02-03T19:40:08","modified_gmt":"2026-02-03T18:40:08","slug":"grundfos-circulateur-ecs-comfort-15-14-ba-pm-l80-1-2f","status":"publish","type":"product","link":"https:\/\/promochaudiere.be\/nl\/product\/grundfos-circulateur-ecs-comfort-15-14-ba-pm-l80-1-2f\/","title":{"rendered":"Grundfos circulateur ECS comfort 15-14 BA PM L80 1\/2&Prime;F"},"content":{"rendered":"<p>Besoin d\u2019un circulateur efficace et de bonne qualit\u00e9\u00a0? Ce mod\u00e8le de la marque Grundfos r\u00e9pond certainement \u00e0 vos exigences.<\/p>\n<p>Comfort est un circulateur \u00e0 haut rendement \u00e9nerg\u00e9tique. Il convient parfaitement pour les maisons \u00e0 un ou deux logements.<\/p>","protected":false},"excerpt":{"rendered":"<p><strong>Caract\u00e9ristiques\u00a0:<\/strong><\/p>\n<ul>\n<li>Pression maximale de service\u00a0: 10 bar<\/li>\n<li>Type raccordement\u00a0: Rp<\/li>\n<li>Raccordement tuyauterie\u00a0: 1\/2<\/li>\n<li>Entraxe : 80 mm<\/li>\n<li>Puissance absorb\u00e9e en vitesse 3\u00a0: 7W<\/li>\n<li>Fr\u00e9quence d&rsquo;alimentation\u00a0: 50 \/ 60 Hz<\/li>\n<li>Tension nominale\u00a0: 230 V<\/li>\n<li>Indice de protection\u00a0: IP44<\/li>\n<li>Classe d&rsquo;isolement\u00a0: F<\/li>\n<\/ul>","protected":false},"featured_media":1558,"comment_status":"open","ping_status":"closed","template":"","meta":[],"product_brand":[],"product_cat":[660],"product_tag":[],"class_list":{"0":"post-1319","1":"product","2":"type-product","3":"status-publish","4":"has-post-thumbnail","6":"product_cat-circulateur","7":"pa_marque-grundfos","9":"first","10":"instock","11":"sale","12":"taxable","13":"shipping-taxable","14":"purchasable","15":"product-type-simple"},"aioseo_notices":[],"_links":{"self":[{"href":"https:\/\/promochaudiere.be\/nl\/wp-json\/wp\/v2\/product\/1319","targetHints":{"allow":["GET"]}}],"collection":[{"href":"https:\/\/promochaudiere.be\/nl\/wp-json\/wp\/v2\/product"}],"about":[{"href":"https:\/\/promochaudiere.be\/nl\/wp-json\/wp\/v2\/types\/product"}],"replies":[{"embeddable":true,"href":"https:\/\/promochaudiere.be\/nl\/wp-json\/wp\/v2\/comments?post=1319"}],"version-history":[{"count":2,"href":"https:\/\/promochaudiere.be\/nl\/wp-json\/wp\/v2\/product\/1319\/revisions"}],"predecessor-version":[{"id":51578,"href":"https:\/\/promochaudiere.be\/nl\/wp-json\/wp\/v2\/product\/1319\/revisions\/51578"}],"wp:featuredmedia":[{"embeddable":true,"href":"https:\/\/promochaudiere.be\/nl\/wp-json\/wp\/v2\/media\/1558"}],"wp:attachment":[{"href":"https:\/\/promochaudiere.be\/nl\/wp-json\/wp\/v2\/media?parent=1319"}],"wp:term":[{"taxonomy":"product_brand","embeddable":true,"href":"https:\/\/promochaudiere.be\/nl\/wp-json\/wp\/v2\/product_brand?post=1319"},{"taxonomy":"product_cat","embeddable":true,"href":"https:\/\/promochaudiere.be\/nl\/wp-json\/wp\/v2\/product_cat?post=1319"},{"taxonomy":"product_tag","embeddable":true,"href":"https:\/\/promochaudiere.be\/nl\/wp-json\/wp\/v2\/product_tag?post=1319"}],"curies":[{"name":"wp","href":"https:\/\/api.w.org\/{rel}","templated":true}]}}