{"id":1320,"date":"2022-04-13T11:33:08","date_gmt":"2022-04-13T11:33:08","guid":{"rendered":"https:\/\/promochaudiere.be\/produit\/wilo-circulateur-ecs-star-z-nova-a-l140-230v\/"},"modified":"2026-02-03T19:40:01","modified_gmt":"2026-02-03T18:40:01","slug":"wilo-circulateur-ecs-star-z-nova-a-l140-230v","status":"publish","type":"product","link":"https:\/\/promochaudiere.be\/nl\/product\/wilo-circulateur-ecs-star-z-nova-a-l140-230v\/","title":{"rendered":"Wilo circulateur ECS Star-Z nova A L140 230V"},"content":{"rendered":"<p>Besoin d\u2019un circulateur efficace et de bonne qualit\u00e9\u00a0? Ce mod\u00e8le de la marque Wilo r\u00e9pond certainement \u00e0 vos exigences.<\/p>\n<p>Ce circulateur convient sp\u00e9cialement pour l\u2019eau potable. Il contient un corps de pompe en laiton, une roue Noryl et un arbre en c\u00e9ramique.&lt;\/p<\/p>","protected":false},"excerpt":{"rendered":"<p><strong>Caract\u00e9ristiques\u00a0:<\/strong><\/p>\n<ul>\n<li>Pression maximale de service\u00a0: 10 bar<\/li>\n<li>Alimentation r\u00e9seau\u00a0: 1 ~230 V, 50 Hz<\/li>\n<li>Puissance absorb\u00e9e : 5W<\/li>\n<li>Vitesse maximale\u00a0: 3000 1\/min<\/li>\n<li>Courant nominal\u00a0: 0,05 A<\/li>\n<li>Indice de protection\u00a0moteur : IP42<\/li>\n<li>Entraxe\u00a0: 138 mm<\/li>\n<\/ul>","protected":false},"featured_media":1560,"comment_status":"open","ping_status":"closed","template":"","meta":[],"product_brand":[],"product_cat":[660],"product_tag":[],"class_list":{"0":"post-1320","1":"product","2":"type-product","3":"status-publish","4":"has-post-thumbnail","6":"product_cat-circulateur","7":"pa_marque-wilo","9":"first","10":"instock","11":"sale","12":"taxable","13":"shipping-taxable","14":"purchasable","15":"product-type-simple"},"aioseo_notices":[],"_links":{"self":[{"href":"https:\/\/promochaudiere.be\/nl\/wp-json\/wp\/v2\/product\/1320","targetHints":{"allow":["GET"]}}],"collection":[{"href":"https:\/\/promochaudiere.be\/nl\/wp-json\/wp\/v2\/product"}],"about":[{"href":"https:\/\/promochaudiere.be\/nl\/wp-json\/wp\/v2\/types\/product"}],"replies":[{"embeddable":true,"href":"https:\/\/promochaudiere.be\/nl\/wp-json\/wp\/v2\/comments?post=1320"}],"version-history":[{"count":1,"href":"https:\/\/promochaudiere.be\/nl\/wp-json\/wp\/v2\/product\/1320\/revisions"}],"predecessor-version":[{"id":1561,"href":"https:\/\/promochaudiere.be\/nl\/wp-json\/wp\/v2\/product\/1320\/revisions\/1561"}],"wp:featuredmedia":[{"embeddable":true,"href":"https:\/\/promochaudiere.be\/nl\/wp-json\/wp\/v2\/media\/1560"}],"wp:attachment":[{"href":"https:\/\/promochaudiere.be\/nl\/wp-json\/wp\/v2\/media?parent=1320"}],"wp:term":[{"taxonomy":"product_brand","embeddable":true,"href":"https:\/\/promochaudiere.be\/nl\/wp-json\/wp\/v2\/product_brand?post=1320"},{"taxonomy":"product_cat","embeddable":true,"href":"https:\/\/promochaudiere.be\/nl\/wp-json\/wp\/v2\/product_cat?post=1320"},{"taxonomy":"product_tag","embeddable":true,"href":"https:\/\/promochaudiere.be\/nl\/wp-json\/wp\/v2\/product_tag?post=1320"}],"curies":[{"name":"wp","href":"https:\/\/api.w.org\/{rel}","templated":true}]}}