{"id":1322,"date":"2022-04-13T11:33:08","date_gmt":"2022-04-13T11:33:08","guid":{"rendered":"https:\/\/promochaudiere.be\/produit\/wilo-circulateur-varios-pico-15-1-7\/"},"modified":"2026-02-03T18:16:46","modified_gmt":"2026-02-03T17:16:46","slug":"wilo-circulateur-varios-pico-15-1-7","status":"publish","type":"product","link":"https:\/\/promochaudiere.be\/nl\/product\/wilo-circulateur-varios-pico-15-1-7\/","title":{"rendered":"Wilo circulateur Varios Pico 15\/1-7"},"content":{"rendered":"<p>Besoin d\u2019un circulateur efficace et de bonne qualit\u00e9\u00a0? Ce mod\u00e8le de la marque Wilo r\u00e9pond certainement \u00e0 vos exigences.<\/p>\n<p>Ce circulateur convient sp\u00e9cialement pour toutes les applications de chauffage et de climatisation, ainsi que pour les installations solaires et g\u00e9othermiques. Il dispose d\u2019un affichage LED, un c\u00e2ble de raccordement \u00e9lectrique avec connecteur 3 p\u00f4les et d&rsquo;un raccordement PWM.<\/p>","protected":false},"excerpt":{"rendered":"<p><strong>Caract\u00e9ristiques\u00a0:<\/strong><\/p>\n<ul>\n<li>Pression maximale de service\u00a0: 10 bar<\/li>\n<li>Alimentation r\u00e9seau\u00a0: 1~230 V \u00b110%, 50\/60 Hz<\/li>\n<li>Puissance nominale P<sub>2 <\/sub>: 38 W<\/li>\n<li>Vitesse minimale n<sub>min <\/sub>: 2340 1 \/min<\/li>\n<li>Vitesse maximale n<sub>max <\/sub>: 4366 1\/min<\/li>\n<li>Puissance absorb\u00e9e\u00a0: 1-50 W<\/li>\n<li>Indice de protection\u00a0: IPX4D<\/li>\n<li>Classe d\u2019isolation\u00a0: F<\/li>\n<li>Entraxe\u00a0: 130 mm<\/li>\n<\/ul>","protected":false},"featured_media":1564,"comment_status":"open","ping_status":"closed","template":"","meta":[],"product_brand":[],"product_cat":[660],"product_tag":[],"class_list":{"0":"post-1322","1":"product","2":"type-product","3":"status-publish","4":"has-post-thumbnail","6":"product_cat-circulateur","7":"pa_marque-wilo","9":"first","10":"instock","11":"sale","12":"taxable","13":"shipping-taxable","14":"purchasable","15":"product-type-simple"},"aioseo_notices":[],"_links":{"self":[{"href":"https:\/\/promochaudiere.be\/nl\/wp-json\/wp\/v2\/product\/1322","targetHints":{"allow":["GET"]}}],"collection":[{"href":"https:\/\/promochaudiere.be\/nl\/wp-json\/wp\/v2\/product"}],"about":[{"href":"https:\/\/promochaudiere.be\/nl\/wp-json\/wp\/v2\/types\/product"}],"replies":[{"embeddable":true,"href":"https:\/\/promochaudiere.be\/nl\/wp-json\/wp\/v2\/comments?post=1322"}],"version-history":[{"count":1,"href":"https:\/\/promochaudiere.be\/nl\/wp-json\/wp\/v2\/product\/1322\/revisions"}],"predecessor-version":[{"id":1565,"href":"https:\/\/promochaudiere.be\/nl\/wp-json\/wp\/v2\/product\/1322\/revisions\/1565"}],"wp:featuredmedia":[{"embeddable":true,"href":"https:\/\/promochaudiere.be\/nl\/wp-json\/wp\/v2\/media\/1564"}],"wp:attachment":[{"href":"https:\/\/promochaudiere.be\/nl\/wp-json\/wp\/v2\/media?parent=1322"}],"wp:term":[{"taxonomy":"product_brand","embeddable":true,"href":"https:\/\/promochaudiere.be\/nl\/wp-json\/wp\/v2\/product_brand?post=1322"},{"taxonomy":"product_cat","embeddable":true,"href":"https:\/\/promochaudiere.be\/nl\/wp-json\/wp\/v2\/product_cat?post=1322"},{"taxonomy":"product_tag","embeddable":true,"href":"https:\/\/promochaudiere.be\/nl\/wp-json\/wp\/v2\/product_tag?post=1322"}],"curies":[{"name":"wp","href":"https:\/\/api.w.org\/{rel}","templated":true}]}}