{"id":1326,"date":"2022-04-13T11:33:09","date_gmt":"2022-04-13T11:33:09","guid":{"rendered":"https:\/\/promochaudiere.be\/produit\/wilo-circulateur-chauffage-central-yonos-pico-25-1-4-l180-6-4\/"},"modified":"2026-02-03T19:40:04","modified_gmt":"2026-02-03T18:40:04","slug":"wilo-circulateur-chauffage-central-yonos-pico-25-1-4-l180-6-4","status":"publish","type":"product","link":"https:\/\/promochaudiere.be\/nl\/product\/wilo-circulateur-chauffage-central-yonos-pico-25-1-4-l180-6-4\/","title":{"rendered":"Wilo circulateur chauffage central Yonos Pico 25\/1-4 L180 6\/4&Prime;"},"content":{"rendered":"<p>Vous cherchez un circulateur avec bon prix\u00a0? D\u00e9couvrez alors ce mod\u00e8le de la marque Wilo qui r\u00e9pond certainement \u00e0 vos besoins\u00a0!<\/p>\n<p>Ce circulateur \u00e0 haut rendement convient parfaitement pour toutes les applications de chauffage et de climatisation. Vous pouvez choisir le mode r\u00e9gulation gr\u00e2ce \u00e0 l\u2019application radiateurs\/plancher chauffant.<\/p>","protected":false},"excerpt":{"rendered":"<p><strong>Caract\u00e9ristiques\u00a0:<\/strong><\/p>\n<ul>\n<li>Pression maximale de service\u00a0: 10 bar<\/li>\n<li>Alimentation r\u00e9seau\u00a0: 1~230 V \u00b110%, 50\/60 Hz<\/li>\n<li>Puissance nominale P<sub>2 <\/sub>: 15 W<\/li>\n<li>Vitesse minimale n<sub>min<\/sub>: 700 1\/min<\/li>\n<li>Vitesse maximale\u00a0n<sub>max<\/sub> : 3400 1\/min<\/li>\n<li>Puissance absorb\u00e9e\u00a0: 4-20 W<\/li>\n<li>Indice de protection\u00a0: IPX4D<\/li>\n<li>Classe d\u2019isolation\u00a0: F<\/li>\n<li>Entraxe\u00a0: 180 mm<\/li>\n<\/ul>","protected":false},"featured_media":1572,"comment_status":"open","ping_status":"closed","template":"","meta":[],"product_brand":[],"product_cat":[660],"product_tag":[],"class_list":{"0":"post-1326","1":"product","2":"type-product","3":"status-publish","4":"has-post-thumbnail","6":"product_cat-circulateur","7":"pa_marque-wilo","9":"first","10":"instock","11":"sale","12":"taxable","13":"shipping-taxable","14":"purchasable","15":"product-type-simple"},"aioseo_notices":[],"_links":{"self":[{"href":"https:\/\/promochaudiere.be\/nl\/wp-json\/wp\/v2\/product\/1326","targetHints":{"allow":["GET"]}}],"collection":[{"href":"https:\/\/promochaudiere.be\/nl\/wp-json\/wp\/v2\/product"}],"about":[{"href":"https:\/\/promochaudiere.be\/nl\/wp-json\/wp\/v2\/types\/product"}],"replies":[{"embeddable":true,"href":"https:\/\/promochaudiere.be\/nl\/wp-json\/wp\/v2\/comments?post=1326"}],"version-history":[{"count":1,"href":"https:\/\/promochaudiere.be\/nl\/wp-json\/wp\/v2\/product\/1326\/revisions"}],"predecessor-version":[{"id":1573,"href":"https:\/\/promochaudiere.be\/nl\/wp-json\/wp\/v2\/product\/1326\/revisions\/1573"}],"wp:featuredmedia":[{"embeddable":true,"href":"https:\/\/promochaudiere.be\/nl\/wp-json\/wp\/v2\/media\/1572"}],"wp:attachment":[{"href":"https:\/\/promochaudiere.be\/nl\/wp-json\/wp\/v2\/media?parent=1326"}],"wp:term":[{"taxonomy":"product_brand","embeddable":true,"href":"https:\/\/promochaudiere.be\/nl\/wp-json\/wp\/v2\/product_brand?post=1326"},{"taxonomy":"product_cat","embeddable":true,"href":"https:\/\/promochaudiere.be\/nl\/wp-json\/wp\/v2\/product_cat?post=1326"},{"taxonomy":"product_tag","embeddable":true,"href":"https:\/\/promochaudiere.be\/nl\/wp-json\/wp\/v2\/product_tag?post=1326"}],"curies":[{"name":"wp","href":"https:\/\/api.w.org\/{rel}","templated":true}]}}