{"id":13260,"date":"2025-01-17T09:45:22","date_gmt":"2025-01-17T09:45:22","guid":{"rendered":"https:\/\/promochaudiere.be\/produit\/daalderop-crochet-de-suspension-close-in-079937065s\/"},"modified":"2026-04-24T18:59:18","modified_gmt":"2026-04-24T16:59:18","slug":"daalderop-crochet-de-suspension-close-in-079937065s","status":"publish","type":"product","link":"https:\/\/promochaudiere.be\/nl\/product\/daalderop-crochet-de-suspension-close-in-079937065s\/","title":{"rendered":"Daalderop crochet de suspension close-in 079937065S"},"content":{"rendered":"<p>Ce crochet de suspension est con\u00e7u pour fixer solidement les chauffe-eaux Close-In. Fabriqu\u00e9 en mat\u00e9riaux r\u00e9sistants, il assure une installation s\u00e9curis\u00e9e et stable. Il permet un positionnement pr\u00e9cis pour optimiser l\u2019espace. Sa conception robuste garantit une long\u00e9vit\u00e9 optimale. Facile \u00e0 monter, il s\u2019adapte aux structures murales classiques. Un accessoire essentiel pour un maintien fiable de l\u2019\u00e9quipement.<\/p>","protected":false},"excerpt":{"rendered":"<p>Daalderop crochet de suspension close-in 079937065S<\/p>","protected":false},"featured_media":22168,"comment_status":"closed","ping_status":"closed","template":"","meta":[],"product_brand":[],"product_cat":[5675,8840],"product_tag":[],"class_list":{"0":"post-13260","1":"product","2":"type-product","3":"status-publish","4":"has-post-thumbnail","6":"product_cat-accessoire-boiler","7":"product_cat-test","8":"pa_marque-itho-daalderop","10":"first","11":"outofstock","12":"sale","13":"taxable","14":"shipping-taxable","15":"purchasable","16":"product-type-simple"},"aioseo_notices":[],"_links":{"self":[{"href":"https:\/\/promochaudiere.be\/nl\/wp-json\/wp\/v2\/product\/13260","targetHints":{"allow":["GET"]}}],"collection":[{"href":"https:\/\/promochaudiere.be\/nl\/wp-json\/wp\/v2\/product"}],"about":[{"href":"https:\/\/promochaudiere.be\/nl\/wp-json\/wp\/v2\/types\/product"}],"replies":[{"embeddable":true,"href":"https:\/\/promochaudiere.be\/nl\/wp-json\/wp\/v2\/comments?post=13260"}],"version-history":[{"count":1,"href":"https:\/\/promochaudiere.be\/nl\/wp-json\/wp\/v2\/product\/13260\/revisions"}],"predecessor-version":[{"id":46313,"href":"https:\/\/promochaudiere.be\/nl\/wp-json\/wp\/v2\/product\/13260\/revisions\/46313"}],"wp:featuredmedia":[{"embeddable":true,"href":"https:\/\/promochaudiere.be\/nl\/wp-json\/wp\/v2\/media\/22168"}],"wp:attachment":[{"href":"https:\/\/promochaudiere.be\/nl\/wp-json\/wp\/v2\/media?parent=13260"}],"wp:term":[{"taxonomy":"product_brand","embeddable":true,"href":"https:\/\/promochaudiere.be\/nl\/wp-json\/wp\/v2\/product_brand?post=13260"},{"taxonomy":"product_cat","embeddable":true,"href":"https:\/\/promochaudiere.be\/nl\/wp-json\/wp\/v2\/product_cat?post=13260"},{"taxonomy":"product_tag","embeddable":true,"href":"https:\/\/promochaudiere.be\/nl\/wp-json\/wp\/v2\/product_tag?post=13260"}],"curies":[{"name":"wp","href":"https:\/\/api.w.org\/{rel}","templated":true}]}}