{"id":1327,"date":"2022-04-13T11:33:09","date_gmt":"2022-04-13T11:33:09","guid":{"rendered":"https:\/\/promochaudiere.be\/produit\/grundfos-circulateur-cc-alpha1-l-32-60-l180-2\/"},"modified":"2026-02-03T18:16:38","modified_gmt":"2026-02-03T17:16:38","slug":"grundfos-circulateur-cc-alpha1-l-32-60-l180-2","status":"publish","type":"product","link":"https:\/\/promochaudiere.be\/nl\/product\/grundfos-circulateur-cc-alpha1-l-32-60-l180-2\/","title":{"rendered":"Grundfos circulateur CC Alpha1 L 32-60 L180 2&Prime;"},"content":{"rendered":"<p>Vous cherchez un circulateur avec bon prix\u00a0? D\u00e9couvrez alors ce mod\u00e8le de la marque Grundfos qui r\u00e9pond certainement \u00e0 vos besoins\u00a0!<\/p>\n<p>Ce circulateur Alpha1 \u00e0 un rendement \u00e9lev\u00e9. Il convient parfaitement pour les installations de chauffage.<\/p>","protected":false},"excerpt":{"rendered":"<p><strong>Caract\u00e9ristiques\u00a0:<\/strong><\/p>\n<ul>\n<li>Pression maximale de service\u00a0: 10 bar<\/li>\n<li>Raccordement tuyauterie\u00a0: G 2<\/li>\n<li>Pression par \u00e9tage\u00a0: PN 10<\/li>\n<li>Entraxe\u00a0: 180 mm<\/li>\n<li>Puissance \u00e9lectrique\u00a0: 4 .. 45 W<\/li>\n<li>Fr\u00e9quence d&rsquo;alimentation\u00a0: 50 \/ 60 Hz<\/li>\n<li>Tension nominale\u00a0: 1 x 230 V<\/li>\n<li>Indice de protection\u00a0: X4D<\/li>\n<li>Classe d\u2019isolement\u00a0: F<\/li>\n<\/ul>","protected":false},"featured_media":1574,"comment_status":"open","ping_status":"closed","template":"","meta":[],"product_brand":[],"product_cat":[660],"product_tag":[],"class_list":{"0":"post-1327","1":"product","2":"type-product","3":"status-publish","4":"has-post-thumbnail","6":"product_cat-circulateur","7":"pa_marque-grundfos","9":"first","10":"instock","11":"sale","12":"taxable","13":"shipping-taxable","14":"purchasable","15":"product-type-simple"},"aioseo_notices":[],"_links":{"self":[{"href":"https:\/\/promochaudiere.be\/nl\/wp-json\/wp\/v2\/product\/1327","targetHints":{"allow":["GET"]}}],"collection":[{"href":"https:\/\/promochaudiere.be\/nl\/wp-json\/wp\/v2\/product"}],"about":[{"href":"https:\/\/promochaudiere.be\/nl\/wp-json\/wp\/v2\/types\/product"}],"replies":[{"embeddable":true,"href":"https:\/\/promochaudiere.be\/nl\/wp-json\/wp\/v2\/comments?post=1327"}],"version-history":[{"count":2,"href":"https:\/\/promochaudiere.be\/nl\/wp-json\/wp\/v2\/product\/1327\/revisions"}],"predecessor-version":[{"id":51576,"href":"https:\/\/promochaudiere.be\/nl\/wp-json\/wp\/v2\/product\/1327\/revisions\/51576"}],"wp:featuredmedia":[{"embeddable":true,"href":"https:\/\/promochaudiere.be\/nl\/wp-json\/wp\/v2\/media\/1574"}],"wp:attachment":[{"href":"https:\/\/promochaudiere.be\/nl\/wp-json\/wp\/v2\/media?parent=1327"}],"wp:term":[{"taxonomy":"product_brand","embeddable":true,"href":"https:\/\/promochaudiere.be\/nl\/wp-json\/wp\/v2\/product_brand?post=1327"},{"taxonomy":"product_cat","embeddable":true,"href":"https:\/\/promochaudiere.be\/nl\/wp-json\/wp\/v2\/product_cat?post=1327"},{"taxonomy":"product_tag","embeddable":true,"href":"https:\/\/promochaudiere.be\/nl\/wp-json\/wp\/v2\/product_tag?post=1327"}],"curies":[{"name":"wp","href":"https:\/\/api.w.org\/{rel}","templated":true}]}}