{"id":13817,"date":"2025-01-17T09:48:30","date_gmt":"2025-01-17T09:48:30","guid":{"rendered":"https:\/\/promochaudiere.be\/produit\/reflex-vanne-arret-sphere-pour-vase-dexp-3-4-7613000\/"},"modified":"2026-02-03T18:14:48","modified_gmt":"2026-02-03T17:14:48","slug":"reflex-vanne-arret-sphere-pour-vase-dexp-3-4-7613000","status":"publish","type":"product","link":"https:\/\/promochaudiere.be\/nl\/product\/reflex-vanne-arret-sphere-pour-vase-dexp-3-4-7613000\/","title":{"rendered":"REFLEX VANNE ARRET SPHERE POUR VASE D&rsquo;EXP.3\/4&Prime; 7613000"},"content":{"rendered":"<p>Cette vanne Reflex est con\u00e7ue pour isoler les vases d\u2019expansion et assurer une r\u00e9gulation pr\u00e9cise de la pression. Son format 3\/4&Prime; garantit une compatibilit\u00e9 avec divers syst\u00e8mes. Son levier ergonomique permet une manipulation facile et s\u00e9curis\u00e9e. Un \u00e9l\u00e9ment cl\u00e9 pour une installation fiable et performante.<\/p>","protected":false},"excerpt":{"rendered":"<p>REFLEX VANNE ARRET SPHERE POUR VASE D&rsquo;EXP.3\/4&Prime; 7613000<\/p>","protected":false},"featured_media":22615,"comment_status":"open","ping_status":"closed","template":"","meta":[],"product_brand":[],"product_cat":[822,8840],"product_tag":[],"class_list":{"0":"post-13817","1":"product","2":"type-product","3":"status-publish","4":"has-post-thumbnail","6":"product_cat-accessoire","7":"product_cat-test","8":"pa_marque-reflex","10":"first","11":"instock","12":"sale","13":"taxable","14":"shipping-taxable","15":"purchasable","16":"product-type-simple"},"aioseo_notices":[],"_links":{"self":[{"href":"https:\/\/promochaudiere.be\/nl\/wp-json\/wp\/v2\/product\/13817","targetHints":{"allow":["GET"]}}],"collection":[{"href":"https:\/\/promochaudiere.be\/nl\/wp-json\/wp\/v2\/product"}],"about":[{"href":"https:\/\/promochaudiere.be\/nl\/wp-json\/wp\/v2\/types\/product"}],"replies":[{"embeddable":true,"href":"https:\/\/promochaudiere.be\/nl\/wp-json\/wp\/v2\/comments?post=13817"}],"version-history":[{"count":1,"href":"https:\/\/promochaudiere.be\/nl\/wp-json\/wp\/v2\/product\/13817\/revisions"}],"predecessor-version":[{"id":45995,"href":"https:\/\/promochaudiere.be\/nl\/wp-json\/wp\/v2\/product\/13817\/revisions\/45995"}],"wp:featuredmedia":[{"embeddable":true,"href":"https:\/\/promochaudiere.be\/nl\/wp-json\/wp\/v2\/media\/22615"}],"wp:attachment":[{"href":"https:\/\/promochaudiere.be\/nl\/wp-json\/wp\/v2\/media?parent=13817"}],"wp:term":[{"taxonomy":"product_brand","embeddable":true,"href":"https:\/\/promochaudiere.be\/nl\/wp-json\/wp\/v2\/product_brand?post=13817"},{"taxonomy":"product_cat","embeddable":true,"href":"https:\/\/promochaudiere.be\/nl\/wp-json\/wp\/v2\/product_cat?post=13817"},{"taxonomy":"product_tag","embeddable":true,"href":"https:\/\/promochaudiere.be\/nl\/wp-json\/wp\/v2\/product_tag?post=13817"}],"curies":[{"name":"wp","href":"https:\/\/api.w.org\/{rel}","templated":true}]}}