{"id":13824,"date":"2025-01-17T09:48:34","date_gmt":"2025-01-17T09:48:34","guid":{"rendered":"https:\/\/promochaudiere.be\/produit\/junkers-sonde-de-temperature-exterieure-af2-87472071010\/"},"modified":"2026-02-03T18:13:42","modified_gmt":"2026-02-03T17:13:42","slug":"junkers-sonde-de-temperature-exterieure-af2-87472071010","status":"publish","type":"product","link":"https:\/\/promochaudiere.be\/nl\/product\/junkers-sonde-de-temperature-exterieure-af2-87472071010\/","title":{"rendered":"Junkers sonde de temp\u00e9rature ext\u00e9rieure AF2 87472071010"},"content":{"rendered":"<p>La sonde de temp\u00e9rature ext\u00e9rieure Junkers AF2 est con\u00e7ue pour optimiser la r\u00e9gulation de votre chauffage en fonction des conditions climatiques. Elle permet une gestion intelligente de la temp\u00e9rature, am\u00e9liorant ainsi le confort et r\u00e9duisant la consommation \u00e9nerg\u00e9tique. Facile \u00e0 installer, elle s\u2019int\u00e8gre parfaitement aux syst\u00e8mes de chauffage Junkers. Sa conception robuste assure une excellente r\u00e9sistance aux intemp\u00e9ries. Un \u00e9l\u00e9ment indispensable pour une gestion efficace et \u00e9conomique du chauffage.<\/p>","protected":false},"excerpt":{"rendered":"<p>Junkers sonde de temp\u00e9rature ext\u00e9rieure AF2 87472071010<\/p>","protected":false},"featured_media":21389,"comment_status":"open","ping_status":"closed","template":"","meta":[],"product_brand":[],"product_cat":[9485,8840],"product_tag":[],"class_list":{"0":"post-13824","1":"product","2":"type-product","3":"status-publish","4":"has-post-thumbnail","6":"product_cat-pieces-detachees-bosch","7":"product_cat-test","8":"pa_marque-junkers","10":"first","11":"instock","12":"sale","13":"taxable","14":"shipping-taxable","15":"purchasable","16":"product-type-simple"},"aioseo_notices":[],"_links":{"self":[{"href":"https:\/\/promochaudiere.be\/nl\/wp-json\/wp\/v2\/product\/13824","targetHints":{"allow":["GET"]}}],"collection":[{"href":"https:\/\/promochaudiere.be\/nl\/wp-json\/wp\/v2\/product"}],"about":[{"href":"https:\/\/promochaudiere.be\/nl\/wp-json\/wp\/v2\/types\/product"}],"replies":[{"embeddable":true,"href":"https:\/\/promochaudiere.be\/nl\/wp-json\/wp\/v2\/comments?post=13824"}],"version-history":[{"count":1,"href":"https:\/\/promochaudiere.be\/nl\/wp-json\/wp\/v2\/product\/13824\/revisions"}],"predecessor-version":[{"id":45989,"href":"https:\/\/promochaudiere.be\/nl\/wp-json\/wp\/v2\/product\/13824\/revisions\/45989"}],"wp:featuredmedia":[{"embeddable":true,"href":"https:\/\/promochaudiere.be\/nl\/wp-json\/wp\/v2\/media\/21389"}],"wp:attachment":[{"href":"https:\/\/promochaudiere.be\/nl\/wp-json\/wp\/v2\/media?parent=13824"}],"wp:term":[{"taxonomy":"product_brand","embeddable":true,"href":"https:\/\/promochaudiere.be\/nl\/wp-json\/wp\/v2\/product_brand?post=13824"},{"taxonomy":"product_cat","embeddable":true,"href":"https:\/\/promochaudiere.be\/nl\/wp-json\/wp\/v2\/product_cat?post=13824"},{"taxonomy":"product_tag","embeddable":true,"href":"https:\/\/promochaudiere.be\/nl\/wp-json\/wp\/v2\/product_tag?post=13824"}],"curies":[{"name":"wp","href":"https:\/\/api.w.org\/{rel}","templated":true}]}}