{"id":13879,"date":"2025-01-17T09:48:52","date_gmt":"2025-01-17T09:48:52","guid":{"rendered":"https:\/\/promochaudiere.be\/produit\/plaquette-murale-transfo-pour-evohome-honeywell-atf600\/"},"modified":"2026-02-03T18:13:43","modified_gmt":"2026-02-03T17:13:43","slug":"plaquette-murale-transfo-pour-evohome-honeywell-atf600","status":"publish","type":"product","link":"https:\/\/promochaudiere.be\/nl\/product\/plaquette-murale-transfo-pour-evohome-honeywell-atf600\/","title":{"rendered":"PLAQUETTE MURALE + TRANSFO POUR EVOHOME HONEYWELL ATF600"},"content":{"rendered":"<p>Ce kit Honeywell ATF600 comprend une plaquette murale et un transformateur permettant une installation s\u00e9curis\u00e9e et simplifi\u00e9e du thermostat Evohome. Il assure une alimentation stable et un montage propre pour une utilisation optimale. Son design compact facilite l\u2019int\u00e9gration dans diff\u00e9rents espaces. Une solution id\u00e9ale pour am\u00e9liorer la gestion intelligente du chauffage.<\/p>","protected":false},"excerpt":{"rendered":"<p>PLAQUETTE MURALE + TRANSFO POUR EVOHOME HONEYWELL ATF600<\/p>","protected":false},"featured_media":21425,"comment_status":"open","ping_status":"closed","template":"","meta":[],"product_brand":[],"product_cat":[8840,530],"product_tag":[],"class_list":{"0":"post-13879","1":"product","2":"type-product","3":"status-publish","4":"has-post-thumbnail","6":"product_cat-test","7":"product_cat-thermostat-honeywell","8":"pa_marque-honeywell","10":"first","11":"instock","12":"sale","13":"taxable","14":"shipping-taxable","15":"purchasable","16":"product-type-simple"},"aioseo_notices":[],"_links":{"self":[{"href":"https:\/\/promochaudiere.be\/nl\/wp-json\/wp\/v2\/product\/13879","targetHints":{"allow":["GET"]}}],"collection":[{"href":"https:\/\/promochaudiere.be\/nl\/wp-json\/wp\/v2\/product"}],"about":[{"href":"https:\/\/promochaudiere.be\/nl\/wp-json\/wp\/v2\/types\/product"}],"replies":[{"embeddable":true,"href":"https:\/\/promochaudiere.be\/nl\/wp-json\/wp\/v2\/comments?post=13879"}],"version-history":[{"count":1,"href":"https:\/\/promochaudiere.be\/nl\/wp-json\/wp\/v2\/product\/13879\/revisions"}],"predecessor-version":[{"id":45955,"href":"https:\/\/promochaudiere.be\/nl\/wp-json\/wp\/v2\/product\/13879\/revisions\/45955"}],"wp:featuredmedia":[{"embeddable":true,"href":"https:\/\/promochaudiere.be\/nl\/wp-json\/wp\/v2\/media\/21425"}],"wp:attachment":[{"href":"https:\/\/promochaudiere.be\/nl\/wp-json\/wp\/v2\/media?parent=13879"}],"wp:term":[{"taxonomy":"product_brand","embeddable":true,"href":"https:\/\/promochaudiere.be\/nl\/wp-json\/wp\/v2\/product_brand?post=13879"},{"taxonomy":"product_cat","embeddable":true,"href":"https:\/\/promochaudiere.be\/nl\/wp-json\/wp\/v2\/product_cat?post=13879"},{"taxonomy":"product_tag","embeddable":true,"href":"https:\/\/promochaudiere.be\/nl\/wp-json\/wp\/v2\/product_tag?post=13879"}],"curies":[{"name":"wp","href":"https:\/\/api.w.org\/{rel}","templated":true}]}}