{"id":13963,"date":"2025-01-17T09:49:20","date_gmt":"2025-01-17T09:49:20","guid":{"rendered":"https:\/\/promochaudiere.be\/produit\/remeha-adaptateur-concentrique-pour-avanta-ace-tzerra-ace-matic-80-125-7755080\/"},"modified":"2026-02-03T18:13:44","modified_gmt":"2026-02-03T17:13:44","slug":"remeha-adaptateur-concentrique-pour-avanta-ace-tzerra-ace-matic-80-125-7755080","status":"publish","type":"product","link":"https:\/\/promochaudiere.be\/nl\/product\/remeha-adaptateur-concentrique-pour-avanta-ace-tzerra-ace-matic-80-125-7755080\/","title":{"rendered":"REMEHA ADAPTATEUR CONCENTRIQUE POUR AVANTA ACE + TZERRA ACE MATIC 80\/125 7755080"},"content":{"rendered":"<p>L\u2019adaptateur concentrique Remeha pour Avanta ACE est con\u00e7u pour assurer une transition fluide entre les conduits d\u2019\u00e9vacuation et d\u2019amen\u00e9e d\u2019air. Il garantit une compatibilit\u00e9 optimale avec les chaudi\u00e8res Remeha et facilite l\u2019installation des syst\u00e8mes de chauffage. Fabriqu\u00e9 en mat\u00e9riaux r\u00e9sistants, il assure une \u00e9tanch\u00e9it\u00e9 parfaite et une durabilit\u00e9 exceptionnelle. Son montage rapide permet une installation sans complication.<\/p>","protected":false},"excerpt":{"rendered":"<p>REMEHA ADAPTATEUR CONCENTRIQUE POUR AVANTA ACE + TZERRA ACE MATIC 80\/125 7755080<\/p>","protected":false},"featured_media":21351,"comment_status":"open","ping_status":"closed","template":"","meta":[],"product_brand":[],"product_cat":[9527,8840],"product_tag":[],"class_list":{"0":"post-13963","1":"product","2":"type-product","3":"status-publish","4":"has-post-thumbnail","6":"product_cat-accessoire-remeha","7":"product_cat-test","8":"pa_marque-remeha","10":"first","11":"instock","12":"sale","13":"taxable","14":"shipping-taxable","15":"purchasable","16":"product-type-simple"},"aioseo_notices":[],"_links":{"self":[{"href":"https:\/\/promochaudiere.be\/nl\/wp-json\/wp\/v2\/product\/13963","targetHints":{"allow":["GET"]}}],"collection":[{"href":"https:\/\/promochaudiere.be\/nl\/wp-json\/wp\/v2\/product"}],"about":[{"href":"https:\/\/promochaudiere.be\/nl\/wp-json\/wp\/v2\/types\/product"}],"replies":[{"embeddable":true,"href":"https:\/\/promochaudiere.be\/nl\/wp-json\/wp\/v2\/comments?post=13963"}],"version-history":[{"count":1,"href":"https:\/\/promochaudiere.be\/nl\/wp-json\/wp\/v2\/product\/13963\/revisions"}],"predecessor-version":[{"id":45900,"href":"https:\/\/promochaudiere.be\/nl\/wp-json\/wp\/v2\/product\/13963\/revisions\/45900"}],"wp:featuredmedia":[{"embeddable":true,"href":"https:\/\/promochaudiere.be\/nl\/wp-json\/wp\/v2\/media\/21351"}],"wp:attachment":[{"href":"https:\/\/promochaudiere.be\/nl\/wp-json\/wp\/v2\/media?parent=13963"}],"wp:term":[{"taxonomy":"product_brand","embeddable":true,"href":"https:\/\/promochaudiere.be\/nl\/wp-json\/wp\/v2\/product_brand?post=13963"},{"taxonomy":"product_cat","embeddable":true,"href":"https:\/\/promochaudiere.be\/nl\/wp-json\/wp\/v2\/product_cat?post=13963"},{"taxonomy":"product_tag","embeddable":true,"href":"https:\/\/promochaudiere.be\/nl\/wp-json\/wp\/v2\/product_tag?post=13963"}],"curies":[{"name":"wp","href":"https:\/\/api.w.org\/{rel}","templated":true}]}}