{"id":13971,"date":"2025-01-17T09:49:23","date_gmt":"2025-01-17T09:49:23","guid":{"rendered":"https:\/\/promochaudiere.be\/produit\/remeha-adaptateur-initia-plus-80-125-m85075\/"},"modified":"2026-02-03T18:14:51","modified_gmt":"2026-02-03T17:14:51","slug":"remeha-adaptateur-initia-plus-80-125-m85075","status":"publish","type":"product","link":"https:\/\/promochaudiere.be\/nl\/product\/remeha-adaptateur-initia-plus-80-125-m85075\/","title":{"rendered":"REMEHA ADAPTATEUR INITIA PLUS 80\/125 M85075"},"content":{"rendered":"<p>Ce mod\u00e8le Remeha est con\u00e7u pour les chaudi\u00e8res Initia Plus, assurant une connexion fiable des conduits d\u2019\u00e9vacuation. Son format 80\/125mm garantit une compatibilit\u00e9 optimale. Facile \u00e0 poser, il am\u00e9liore la performance thermique des installations. Un accessoire cl\u00e9 pour une \u00e9vacuation s\u00e9curis\u00e9e.<\/p>","protected":false},"excerpt":{"rendered":"<p>REMEHA ADAPTATEUR INITIA PLUS 80\/125 M85075<\/p>","protected":false},"featured_media":22619,"comment_status":"open","ping_status":"closed","template":"","meta":[],"product_brand":[],"product_cat":[9527,8840],"product_tag":[],"class_list":{"0":"post-13971","1":"product","2":"type-product","3":"status-publish","4":"has-post-thumbnail","6":"product_cat-accessoire-remeha","7":"product_cat-test","8":"pa_marque-remeha","10":"first","11":"instock","12":"sale","13":"taxable","14":"shipping-taxable","15":"purchasable","16":"product-type-simple"},"aioseo_notices":[],"_links":{"self":[{"href":"https:\/\/promochaudiere.be\/nl\/wp-json\/wp\/v2\/product\/13971","targetHints":{"allow":["GET"]}}],"collection":[{"href":"https:\/\/promochaudiere.be\/nl\/wp-json\/wp\/v2\/product"}],"about":[{"href":"https:\/\/promochaudiere.be\/nl\/wp-json\/wp\/v2\/types\/product"}],"replies":[{"embeddable":true,"href":"https:\/\/promochaudiere.be\/nl\/wp-json\/wp\/v2\/comments?post=13971"}],"version-history":[{"count":1,"href":"https:\/\/promochaudiere.be\/nl\/wp-json\/wp\/v2\/product\/13971\/revisions"}],"predecessor-version":[{"id":45898,"href":"https:\/\/promochaudiere.be\/nl\/wp-json\/wp\/v2\/product\/13971\/revisions\/45898"}],"wp:featuredmedia":[{"embeddable":true,"href":"https:\/\/promochaudiere.be\/nl\/wp-json\/wp\/v2\/media\/22619"}],"wp:attachment":[{"href":"https:\/\/promochaudiere.be\/nl\/wp-json\/wp\/v2\/media?parent=13971"}],"wp:term":[{"taxonomy":"product_brand","embeddable":true,"href":"https:\/\/promochaudiere.be\/nl\/wp-json\/wp\/v2\/product_brand?post=13971"},{"taxonomy":"product_cat","embeddable":true,"href":"https:\/\/promochaudiere.be\/nl\/wp-json\/wp\/v2\/product_cat?post=13971"},{"taxonomy":"product_tag","embeddable":true,"href":"https:\/\/promochaudiere.be\/nl\/wp-json\/wp\/v2\/product_tag?post=13971"}],"curies":[{"name":"wp","href":"https:\/\/api.w.org\/{rel}","templated":true}]}}