{"id":13981,"date":"2025-01-17T09:49:26","date_gmt":"2025-01-17T09:49:26","guid":{"rendered":"https:\/\/promochaudiere.be\/produit\/duco-siphon-plat-ducobox-00004376\/"},"modified":"2026-02-03T18:14:52","modified_gmt":"2026-02-03T17:14:52","slug":"duco-siphon-plat-ducobox-00004376","status":"publish","type":"product","link":"https:\/\/promochaudiere.be\/nl\/product\/duco-siphon-plat-ducobox-00004376\/","title":{"rendered":"Duco Siphon (plat) DucoBox 00004376"},"content":{"rendered":"<p>Ce siphon plat est con\u00e7u pour \u00e9vacuer efficacement la condensation dans les unit\u00e9s de ventilation DucoBox. Il emp\u00eache le reflux des liquides et maintient le bon fonctionnement du syst\u00e8me. Son format compact facilite son int\u00e9gration dans les espaces r\u00e9duits. Il garantit une installation \u00e9tanche et s\u00e9curis\u00e9e. Fabriqu\u00e9 en mat\u00e9riaux r\u00e9sistants, il assure une longue dur\u00e9e de vie. Un accessoire indispensable pour la protection et l\u2019entretien des installations de ventilation.<\/p>","protected":false},"excerpt":{"rendered":"<p>Duco Siphon (plat) DucoBox 00004376<\/p>","protected":false},"featured_media":22363,"comment_status":"open","ping_status":"closed","template":"","meta":[],"product_brand":[],"product_cat":[10933,8840],"product_tag":[],"class_list":{"0":"post-13981","1":"product","2":"type-product","3":"status-publish","4":"has-post-thumbnail","6":"product_cat-canal-duco","7":"product_cat-test","8":"pa_marque-duco","10":"first","11":"instock","12":"sale","13":"taxable","14":"shipping-taxable","15":"purchasable","16":"product-type-simple"},"aioseo_notices":[],"_links":{"self":[{"href":"https:\/\/promochaudiere.be\/nl\/wp-json\/wp\/v2\/product\/13981","targetHints":{"allow":["GET"]}}],"collection":[{"href":"https:\/\/promochaudiere.be\/nl\/wp-json\/wp\/v2\/product"}],"about":[{"href":"https:\/\/promochaudiere.be\/nl\/wp-json\/wp\/v2\/types\/product"}],"replies":[{"embeddable":true,"href":"https:\/\/promochaudiere.be\/nl\/wp-json\/wp\/v2\/comments?post=13981"}],"version-history":[{"count":1,"href":"https:\/\/promochaudiere.be\/nl\/wp-json\/wp\/v2\/product\/13981\/revisions"}],"predecessor-version":[{"id":45894,"href":"https:\/\/promochaudiere.be\/nl\/wp-json\/wp\/v2\/product\/13981\/revisions\/45894"}],"wp:featuredmedia":[{"embeddable":true,"href":"https:\/\/promochaudiere.be\/nl\/wp-json\/wp\/v2\/media\/22363"}],"wp:attachment":[{"href":"https:\/\/promochaudiere.be\/nl\/wp-json\/wp\/v2\/media?parent=13981"}],"wp:term":[{"taxonomy":"product_brand","embeddable":true,"href":"https:\/\/promochaudiere.be\/nl\/wp-json\/wp\/v2\/product_brand?post=13981"},{"taxonomy":"product_cat","embeddable":true,"href":"https:\/\/promochaudiere.be\/nl\/wp-json\/wp\/v2\/product_cat?post=13981"},{"taxonomy":"product_tag","embeddable":true,"href":"https:\/\/promochaudiere.be\/nl\/wp-json\/wp\/v2\/product_tag?post=13981"}],"curies":[{"name":"wp","href":"https:\/\/api.w.org\/{rel}","templated":true}]}}