{"id":13982,"date":"2025-01-17T09:49:27","date_gmt":"2025-01-17T09:49:27","guid":{"rendered":"https:\/\/promochaudiere.be\/produit\/meibes-paire-de-consoles-pour-segment-de-distribution-m663373\/"},"modified":"2026-02-03T18:14:51","modified_gmt":"2026-02-03T17:14:51","slug":"meibes-paire-de-consoles-pour-segment-de-distribution-m663373","status":"publish","type":"product","link":"https:\/\/promochaudiere.be\/nl\/product\/meibes-paire-de-consoles-pour-segment-de-distribution-m663373\/","title":{"rendered":"MEIBES PAIRE DE CONSOLES POUR SEGMENT DE DISTRIBUTION M663373"},"content":{"rendered":"<p>Ces consoles Meibes sont con\u00e7ues pour assurer un maintien stable des segments de distribution. Fabriqu\u00e9es en acier robuste, elles garantissent une fixation s\u00e9curis\u00e9e et durable. Faciles \u00e0 installer, elles s\u2019adaptent aux syst\u00e8mes de chauffage centralis\u00e9s. Leur design permet une int\u00e9gration simple et efficace dans les circuits existants. Id\u00e9ales pour optimiser la stabilit\u00e9 et la fiabilit\u00e9 des installations. Un accessoire essentiel pour un montage s\u00e9curis\u00e9 et performant.<\/p>","protected":false},"excerpt":{"rendered":"<p>MEIBES PAIRE DE CONSOLES POUR SEGMENT DE DISTRIBUTION M663373<\/p>","protected":false},"featured_media":22405,"comment_status":"open","ping_status":"closed","template":"","meta":[],"product_brand":[],"product_cat":[5541,8840],"product_tag":[],"class_list":{"0":"post-13982","1":"product","2":"type-product","3":"status-publish","4":"has-post-thumbnail","6":"product_cat-groupe-de-pompe","7":"product_cat-test","8":"pa_marque-meibes","10":"first","11":"instock","12":"sale","13":"taxable","14":"shipping-taxable","15":"purchasable","16":"product-type-simple"},"aioseo_notices":[],"_links":{"self":[{"href":"https:\/\/promochaudiere.be\/nl\/wp-json\/wp\/v2\/product\/13982","targetHints":{"allow":["GET"]}}],"collection":[{"href":"https:\/\/promochaudiere.be\/nl\/wp-json\/wp\/v2\/product"}],"about":[{"href":"https:\/\/promochaudiere.be\/nl\/wp-json\/wp\/v2\/types\/product"}],"replies":[{"embeddable":true,"href":"https:\/\/promochaudiere.be\/nl\/wp-json\/wp\/v2\/comments?post=13982"}],"version-history":[{"count":1,"href":"https:\/\/promochaudiere.be\/nl\/wp-json\/wp\/v2\/product\/13982\/revisions"}],"predecessor-version":[{"id":45891,"href":"https:\/\/promochaudiere.be\/nl\/wp-json\/wp\/v2\/product\/13982\/revisions\/45891"}],"wp:featuredmedia":[{"embeddable":true,"href":"https:\/\/promochaudiere.be\/nl\/wp-json\/wp\/v2\/media\/22405"}],"wp:attachment":[{"href":"https:\/\/promochaudiere.be\/nl\/wp-json\/wp\/v2\/media?parent=13982"}],"wp:term":[{"taxonomy":"product_brand","embeddable":true,"href":"https:\/\/promochaudiere.be\/nl\/wp-json\/wp\/v2\/product_brand?post=13982"},{"taxonomy":"product_cat","embeddable":true,"href":"https:\/\/promochaudiere.be\/nl\/wp-json\/wp\/v2\/product_cat?post=13982"},{"taxonomy":"product_tag","embeddable":true,"href":"https:\/\/promochaudiere.be\/nl\/wp-json\/wp\/v2\/product_tag?post=13982"}],"curies":[{"name":"wp","href":"https:\/\/api.w.org\/{rel}","templated":true}]}}