{"id":13985,"date":"2025-01-17T09:49:28","date_gmt":"2025-01-17T09:49:28","guid":{"rendered":"https:\/\/promochaudiere.be\/produit\/bosch-isolation-pour-groupe-de-pompage-7736701876\/"},"modified":"2026-02-03T18:14:51","modified_gmt":"2026-02-03T17:14:51","slug":"bosch-isolation-pour-groupe-de-pompage-7736701876","status":"publish","type":"product","link":"https:\/\/promochaudiere.be\/nl\/product\/bosch-isolation-pour-groupe-de-pompage-7736701876\/","title":{"rendered":"BOSCH ISOLATION POUR GROUPE DE POMPAGE 7736701876"},"content":{"rendered":"<p>L\u2019isolation pour groupe de pompage Bosch est un accessoire essentiel pour am\u00e9liorer l\u2019efficacit\u00e9 \u00e9nerg\u00e9tique des installations de chauffage. Elle permet de r\u00e9duire les pertes de chaleur en isolant les composants du groupe de pompage, assurant ainsi une performance optimale du syst\u00e8me. En plus d\u2019optimiser le rendement \u00e9nerg\u00e9tique, cette isolation aide \u00e0 pr\u00e9venir les risques de gel en hiver et \u00e0 limiter les nuisances sonores li\u00e9es \u00e0 la circulation de l\u2019eau. Facile \u00e0 installer, elle contribue \u00e0 la durabilit\u00e9 du syst\u00e8me de chauffage et \u00e0 son fonctionnement efficace sur le long terme.<\/p>","protected":false},"excerpt":{"rendered":"<p>BOSCH ISOLATION POUR GROUPE DE POMPAGE 7736701876<\/p>","protected":false},"featured_media":22825,"comment_status":"open","ping_status":"closed","template":"","meta":[],"product_brand":[],"product_cat":[9489,8840],"product_tag":[],"class_list":{"0":"post-13985","1":"product","2":"type-product","3":"status-publish","4":"has-post-thumbnail","6":"product_cat-accessoire-de-raccordement-bosch","7":"product_cat-test","8":"pa_marque-bosch","10":"first","11":"instock","12":"sale","13":"taxable","14":"shipping-taxable","15":"purchasable","16":"product-type-simple"},"aioseo_notices":[],"_links":{"self":[{"href":"https:\/\/promochaudiere.be\/nl\/wp-json\/wp\/v2\/product\/13985","targetHints":{"allow":["GET"]}}],"collection":[{"href":"https:\/\/promochaudiere.be\/nl\/wp-json\/wp\/v2\/product"}],"about":[{"href":"https:\/\/promochaudiere.be\/nl\/wp-json\/wp\/v2\/types\/product"}],"replies":[{"embeddable":true,"href":"https:\/\/promochaudiere.be\/nl\/wp-json\/wp\/v2\/comments?post=13985"}],"version-history":[{"count":1,"href":"https:\/\/promochaudiere.be\/nl\/wp-json\/wp\/v2\/product\/13985\/revisions"}],"predecessor-version":[{"id":45887,"href":"https:\/\/promochaudiere.be\/nl\/wp-json\/wp\/v2\/product\/13985\/revisions\/45887"}],"wp:featuredmedia":[{"embeddable":true,"href":"https:\/\/promochaudiere.be\/nl\/wp-json\/wp\/v2\/media\/22825"}],"wp:attachment":[{"href":"https:\/\/promochaudiere.be\/nl\/wp-json\/wp\/v2\/media?parent=13985"}],"wp:term":[{"taxonomy":"product_brand","embeddable":true,"href":"https:\/\/promochaudiere.be\/nl\/wp-json\/wp\/v2\/product_brand?post=13985"},{"taxonomy":"product_cat","embeddable":true,"href":"https:\/\/promochaudiere.be\/nl\/wp-json\/wp\/v2\/product_cat?post=13985"},{"taxonomy":"product_tag","embeddable":true,"href":"https:\/\/promochaudiere.be\/nl\/wp-json\/wp\/v2\/product_tag?post=13985"}],"curies":[{"name":"wp","href":"https:\/\/api.w.org\/{rel}","templated":true}]}}