{"id":13986,"date":"2025-01-17T09:49:28","date_gmt":"2025-01-17T09:49:28","guid":{"rendered":"https:\/\/promochaudiere.be\/produit\/duco-jeu-de-filtres-2x-pour-ducobox-energy-comfort-d350-d450-d550plus-00004741\/"},"modified":"2026-02-03T18:14:51","modified_gmt":"2026-02-03T17:14:51","slug":"duco-jeu-de-filtres-2x-pour-ducobox-energy-comfort-d350-d450-d550plus-00004741","status":"publish","type":"product","link":"https:\/\/promochaudiere.be\/nl\/product\/duco-jeu-de-filtres-2x-pour-ducobox-energy-comfort-d350-d450-d550plus-00004741\/","title":{"rendered":"DUCO JEU DE FILTRES 2X POUR DUCOBOX ENERGY COMFORT D350\/D450\/D550&#038;PLUS 00004741"},"content":{"rendered":"<p>Ce jeu de filtres Duco est sp\u00e9cialement con\u00e7u pour la DucoBox Energy Comfort Plus. Il assure une filtration efficace des particules fines, polluants et allerg\u00e8nes, am\u00e9liorant ainsi la qualit\u00e9 de l\u2019air int\u00e9rieur. Facile \u00e0 remplacer, il permet de maintenir des performances optimales du syst\u00e8me de ventilation. Con\u00e7u pour une longue dur\u00e9e de vie, il garantit un air plus sain et une protection accrue contre les impuret\u00e9s. Id\u00e9al pour pr\u00e9server un environnement int\u00e9rieur propre et agr\u00e9able. Un choix essentiel pour un entretien optimal de la ventilation.<\/p>","protected":false},"excerpt":{"rendered":"<p>DUCO JEU DE FILTRES 2X POUR DUCOBOX ENERGY COMFORT D350\/D450\/D550&#038;PLUS 00004741<\/p>","protected":false},"featured_media":22186,"comment_status":"open","ping_status":"closed","template":"","meta":[],"product_brand":[],"product_cat":[10943,8840],"product_tag":[],"class_list":{"0":"post-13986","1":"product","2":"type-product","3":"status-publish","4":"has-post-thumbnail","6":"product_cat-accessoires-duco","7":"product_cat-test","8":"pa_marque-duco","10":"first","11":"instock","12":"sale","13":"taxable","14":"shipping-taxable","15":"purchasable","16":"product-type-simple"},"aioseo_notices":[],"_links":{"self":[{"href":"https:\/\/promochaudiere.be\/nl\/wp-json\/wp\/v2\/product\/13986","targetHints":{"allow":["GET"]}}],"collection":[{"href":"https:\/\/promochaudiere.be\/nl\/wp-json\/wp\/v2\/product"}],"about":[{"href":"https:\/\/promochaudiere.be\/nl\/wp-json\/wp\/v2\/types\/product"}],"replies":[{"embeddable":true,"href":"https:\/\/promochaudiere.be\/nl\/wp-json\/wp\/v2\/comments?post=13986"}],"version-history":[{"count":1,"href":"https:\/\/promochaudiere.be\/nl\/wp-json\/wp\/v2\/product\/13986\/revisions"}],"predecessor-version":[{"id":45888,"href":"https:\/\/promochaudiere.be\/nl\/wp-json\/wp\/v2\/product\/13986\/revisions\/45888"}],"wp:featuredmedia":[{"embeddable":true,"href":"https:\/\/promochaudiere.be\/nl\/wp-json\/wp\/v2\/media\/22186"}],"wp:attachment":[{"href":"https:\/\/promochaudiere.be\/nl\/wp-json\/wp\/v2\/media?parent=13986"}],"wp:term":[{"taxonomy":"product_brand","embeddable":true,"href":"https:\/\/promochaudiere.be\/nl\/wp-json\/wp\/v2\/product_brand?post=13986"},{"taxonomy":"product_cat","embeddable":true,"href":"https:\/\/promochaudiere.be\/nl\/wp-json\/wp\/v2\/product_cat?post=13986"},{"taxonomy":"product_tag","embeddable":true,"href":"https:\/\/promochaudiere.be\/nl\/wp-json\/wp\/v2\/product_tag?post=13986"}],"curies":[{"name":"wp","href":"https:\/\/api.w.org\/{rel}","templated":true}]}}