{"id":13988,"date":"2025-01-17T09:49:29","date_gmt":"2025-01-17T09:49:29","guid":{"rendered":"https:\/\/promochaudiere.be\/produit\/junkers-set-de-nettoyage-pour-echangeur-7719003006\/"},"modified":"2026-02-03T18:13:43","modified_gmt":"2026-02-03T17:13:43","slug":"junkers-set-de-nettoyage-pour-echangeur-7719003006","status":"publish","type":"product","link":"https:\/\/promochaudiere.be\/nl\/product\/junkers-set-de-nettoyage-pour-echangeur-7719003006\/","title":{"rendered":"Junkers set de nettoyage pour \u00e9changeur 7719003006"},"content":{"rendered":"<p>Ce set de nettoyage Junkers permet un entretien complet des \u00e9changeurs thermiques, garantissant un fonctionnement optimal des chaudi\u00e8res. Il contient tous les accessoires n\u00e9cessaires pour un nettoyage efficace. En maintenant les performances du syst\u00e8me, il permet de r\u00e9duire la consommation \u00e9nerg\u00e9tique. Un kit pratique pour assurer un entretien r\u00e9gulier des installations de chauffage.<\/p>","protected":false},"excerpt":{"rendered":"<p>Junkers set de nettoyage pour \u00e9changeur 7719003006<\/p>","protected":false},"featured_media":21341,"comment_status":"open","ping_status":"closed","template":"","meta":[],"product_brand":[],"product_cat":[9485,8840],"product_tag":[],"class_list":{"0":"post-13988","1":"product","2":"type-product","3":"status-publish","4":"has-post-thumbnail","6":"product_cat-pieces-detachees-bosch","7":"product_cat-test","8":"pa_marque-junkers","10":"first","11":"instock","12":"sale","13":"taxable","14":"shipping-taxable","15":"purchasable","16":"product-type-simple"},"aioseo_notices":[],"_links":{"self":[{"href":"https:\/\/promochaudiere.be\/nl\/wp-json\/wp\/v2\/product\/13988","targetHints":{"allow":["GET"]}}],"collection":[{"href":"https:\/\/promochaudiere.be\/nl\/wp-json\/wp\/v2\/product"}],"about":[{"href":"https:\/\/promochaudiere.be\/nl\/wp-json\/wp\/v2\/types\/product"}],"replies":[{"embeddable":true,"href":"https:\/\/promochaudiere.be\/nl\/wp-json\/wp\/v2\/comments?post=13988"}],"version-history":[{"count":1,"href":"https:\/\/promochaudiere.be\/nl\/wp-json\/wp\/v2\/product\/13988\/revisions"}],"predecessor-version":[{"id":45886,"href":"https:\/\/promochaudiere.be\/nl\/wp-json\/wp\/v2\/product\/13988\/revisions\/45886"}],"wp:featuredmedia":[{"embeddable":true,"href":"https:\/\/promochaudiere.be\/nl\/wp-json\/wp\/v2\/media\/21341"}],"wp:attachment":[{"href":"https:\/\/promochaudiere.be\/nl\/wp-json\/wp\/v2\/media?parent=13988"}],"wp:term":[{"taxonomy":"product_brand","embeddable":true,"href":"https:\/\/promochaudiere.be\/nl\/wp-json\/wp\/v2\/product_brand?post=13988"},{"taxonomy":"product_cat","embeddable":true,"href":"https:\/\/promochaudiere.be\/nl\/wp-json\/wp\/v2\/product_cat?post=13988"},{"taxonomy":"product_tag","embeddable":true,"href":"https:\/\/promochaudiere.be\/nl\/wp-json\/wp\/v2\/product_tag?post=13988"}],"curies":[{"name":"wp","href":"https:\/\/api.w.org\/{rel}","templated":true}]}}