{"id":13993,"date":"2025-01-17T09:49:30","date_gmt":"2025-01-17T09:49:30","guid":{"rendered":"https:\/\/promochaudiere.be\/produit\/comap-tete-thermostatiquesonde-a-distance-2m-senso-s-r100002\/"},"modified":"2026-02-03T18:14:51","modified_gmt":"2026-02-03T17:14:51","slug":"comap-tete-thermostatiquesonde-a-distance-2m-senso-s-r100002","status":"publish","type":"product","link":"https:\/\/promochaudiere.be\/product\/comap-tete-thermostatiquesonde-a-distance-2m-senso-s-r100002\/","title":{"rendered":"Comap TETE THERMOSTATIQUE+SONDE A DISTANCE 2M SENSO S R100002"},"content":{"rendered":"<p>Cette t\u00eate thermostatique avec sonde \u00e0 distance permet un contr\u00f4le pr\u00e9cis de la temp\u00e9rature ambiante. Gr\u00e2ce \u00e0 son capteur d\u00e9port\u00e9 de 2 m\u00e8tres, elle assure une r\u00e9gulation efficace du chauffage. Elle s\u2019installe facilement sur les robinets thermostatiques compatibles. Sa fabrication en mat\u00e9riaux r\u00e9sistants lui conf\u00e8re une durabilit\u00e9 optimale. Elle garantit un confort thermique stable tout en optimisant la consommation \u00e9nerg\u00e9tique. Un choix parfait pour un chauffage intelligent et \u00e9conomique.<\/p>","protected":false},"excerpt":{"rendered":"<p>Comap TETE THERMOSTATIQUE+SONDE A DISTANCE 2M SENSO S R100002<\/p>","protected":false},"featured_media":22532,"comment_status":"open","ping_status":"closed","template":"","meta":[],"product_brand":[],"product_cat":[574,8840],"product_tag":[],"class_list":{"0":"post-13993","1":"product","2":"type-product","3":"status-publish","4":"has-post-thumbnail","6":"product_cat-accessoires-radiateurs","7":"product_cat-test","8":"pa_marque-comap","10":"first","11":"instock","12":"sale","13":"taxable","14":"shipping-taxable","15":"purchasable","16":"product-type-simple"},"aioseo_notices":[],"_links":{"self":[{"href":"https:\/\/promochaudiere.be\/nl\/wp-json\/wp\/v2\/product\/13993","targetHints":{"allow":["GET"]}}],"collection":[{"href":"https:\/\/promochaudiere.be\/nl\/wp-json\/wp\/v2\/product"}],"about":[{"href":"https:\/\/promochaudiere.be\/nl\/wp-json\/wp\/v2\/types\/product"}],"replies":[{"embeddable":true,"href":"https:\/\/promochaudiere.be\/nl\/wp-json\/wp\/v2\/comments?post=13993"}],"version-history":[{"count":1,"href":"https:\/\/promochaudiere.be\/nl\/wp-json\/wp\/v2\/product\/13993\/revisions"}],"predecessor-version":[{"id":45883,"href":"https:\/\/promochaudiere.be\/nl\/wp-json\/wp\/v2\/product\/13993\/revisions\/45883"}],"wp:featuredmedia":[{"embeddable":true,"href":"https:\/\/promochaudiere.be\/nl\/wp-json\/wp\/v2\/media\/22532"}],"wp:attachment":[{"href":"https:\/\/promochaudiere.be\/nl\/wp-json\/wp\/v2\/media?parent=13993"}],"wp:term":[{"taxonomy":"product_brand","embeddable":true,"href":"https:\/\/promochaudiere.be\/nl\/wp-json\/wp\/v2\/product_brand?post=13993"},{"taxonomy":"product_cat","embeddable":true,"href":"https:\/\/promochaudiere.be\/nl\/wp-json\/wp\/v2\/product_cat?post=13993"},{"taxonomy":"product_tag","embeddable":true,"href":"https:\/\/promochaudiere.be\/nl\/wp-json\/wp\/v2\/product_tag?post=13993"}],"curies":[{"name":"wp","href":"https:\/\/api.w.org\/{rel}","templated":true}]}}