{"id":13999,"date":"2025-01-17T09:49:33","date_gmt":"2025-01-17T09:49:33","guid":{"rendered":"https:\/\/promochaudiere.be\/produit\/bosch-set-delectrodes-bosch-9000i-7000i-87186630920\/"},"modified":"2026-02-03T18:14:51","modified_gmt":"2026-02-03T17:14:51","slug":"bosch-set-delectrodes-bosch-9000i-7000i-87186630920","status":"publish","type":"product","link":"https:\/\/promochaudiere.be\/nl\/product\/bosch-set-delectrodes-bosch-9000i-7000i-87186630920\/","title":{"rendered":"Bosch SET D&rsquo;ELECTRODES BOSCH 9000I-7000I 87186630920"},"content":{"rendered":"<p>Le set d\u2019\u00e9lectrodes Bosch 9000i-7000i est con\u00e7u pour garantir un allumage fiable et une combustion optimale dans votre chaudi\u00e8re. Fabriqu\u00e9 avec des mat\u00e9riaux de haute qualit\u00e9, il assure une transmission efficace de l\u2019\u00e9tincelle pour un d\u00e9marrage sans faille. Compatible avec plusieurs mod\u00e8les Bosch, il permet un remplacement simple et rapide. Son design pr\u00e9cis assure une performance durable et efficace.<\/p>","protected":false},"excerpt":{"rendered":"<p>Bosch SET D&rsquo;ELECTRODES BOSCH 9000I-7000I 87186630920<\/p>","protected":false},"featured_media":21659,"comment_status":"open","ping_status":"closed","template":"","meta":[],"product_brand":[],"product_cat":[9485,8840],"product_tag":[],"class_list":{"0":"post-13999","1":"product","2":"type-product","3":"status-publish","4":"has-post-thumbnail","6":"product_cat-pieces-detachees-bosch","7":"product_cat-test","8":"pa_marque-bosch","10":"first","11":"instock","12":"sale","13":"taxable","14":"shipping-taxable","15":"purchasable","16":"product-type-simple"},"aioseo_notices":[],"_links":{"self":[{"href":"https:\/\/promochaudiere.be\/nl\/wp-json\/wp\/v2\/product\/13999","targetHints":{"allow":["GET"]}}],"collection":[{"href":"https:\/\/promochaudiere.be\/nl\/wp-json\/wp\/v2\/product"}],"about":[{"href":"https:\/\/promochaudiere.be\/nl\/wp-json\/wp\/v2\/types\/product"}],"replies":[{"embeddable":true,"href":"https:\/\/promochaudiere.be\/nl\/wp-json\/wp\/v2\/comments?post=13999"}],"version-history":[{"count":1,"href":"https:\/\/promochaudiere.be\/nl\/wp-json\/wp\/v2\/product\/13999\/revisions"}],"predecessor-version":[{"id":45879,"href":"https:\/\/promochaudiere.be\/nl\/wp-json\/wp\/v2\/product\/13999\/revisions\/45879"}],"wp:featuredmedia":[{"embeddable":true,"href":"https:\/\/promochaudiere.be\/nl\/wp-json\/wp\/v2\/media\/21659"}],"wp:attachment":[{"href":"https:\/\/promochaudiere.be\/nl\/wp-json\/wp\/v2\/media?parent=13999"}],"wp:term":[{"taxonomy":"product_brand","embeddable":true,"href":"https:\/\/promochaudiere.be\/nl\/wp-json\/wp\/v2\/product_brand?post=13999"},{"taxonomy":"product_cat","embeddable":true,"href":"https:\/\/promochaudiere.be\/nl\/wp-json\/wp\/v2\/product_cat?post=13999"},{"taxonomy":"product_tag","embeddable":true,"href":"https:\/\/promochaudiere.be\/nl\/wp-json\/wp\/v2\/product_tag?post=13999"}],"curies":[{"name":"wp","href":"https:\/\/api.w.org\/{rel}","templated":true}]}}