{"id":14000,"date":"2025-01-17T09:49:34","date_gmt":"2025-01-17T09:49:34","guid":{"rendered":"https:\/\/promochaudiere.be\/produit\/junkers-sonde-ctn-sans-fiche-radocell-4m-87168335880\/"},"modified":"2026-02-03T18:14:51","modified_gmt":"2026-02-03T17:14:51","slug":"junkers-sonde-ctn-sans-fiche-radocell-4m-87168335880","status":"publish","type":"product","link":"https:\/\/promochaudiere.be\/nl\/product\/junkers-sonde-ctn-sans-fiche-radocell-4m-87168335880\/","title":{"rendered":"Junkers sonde CTN sans fiche Radocell 4m 87168335880"},"content":{"rendered":"<p>La sonde CTN Junkers est con\u00e7ue pour mesurer avec pr\u00e9cision la temp\u00e9rature des circuits de chauffage. Sa longueur de 4 m\u00e8tres permet une installation flexible et adapt\u00e9e \u00e0 diverses configurations. Un composant essentiel pour un contr\u00f4le thermique pr\u00e9cis et efficace.<\/p>","protected":false},"excerpt":{"rendered":"<p>Junkers sonde CTN sans fiche Radocell 4m 87168335880<\/p>","protected":false},"featured_media":22011,"comment_status":"open","ping_status":"closed","template":"","meta":[],"product_brand":[],"product_cat":[9485,8840],"product_tag":[],"class_list":{"0":"post-14000","1":"product","2":"type-product","3":"status-publish","4":"has-post-thumbnail","6":"product_cat-pieces-detachees-bosch","7":"product_cat-test","8":"pa_marque-junkers","10":"first","11":"instock","12":"sale","13":"taxable","14":"shipping-taxable","15":"purchasable","16":"product-type-simple"},"aioseo_notices":[],"_links":{"self":[{"href":"https:\/\/promochaudiere.be\/nl\/wp-json\/wp\/v2\/product\/14000","targetHints":{"allow":["GET"]}}],"collection":[{"href":"https:\/\/promochaudiere.be\/nl\/wp-json\/wp\/v2\/product"}],"about":[{"href":"https:\/\/promochaudiere.be\/nl\/wp-json\/wp\/v2\/types\/product"}],"replies":[{"embeddable":true,"href":"https:\/\/promochaudiere.be\/nl\/wp-json\/wp\/v2\/comments?post=14000"}],"version-history":[{"count":1,"href":"https:\/\/promochaudiere.be\/nl\/wp-json\/wp\/v2\/product\/14000\/revisions"}],"predecessor-version":[{"id":45876,"href":"https:\/\/promochaudiere.be\/nl\/wp-json\/wp\/v2\/product\/14000\/revisions\/45876"}],"wp:featuredmedia":[{"embeddable":true,"href":"https:\/\/promochaudiere.be\/nl\/wp-json\/wp\/v2\/media\/22011"}],"wp:attachment":[{"href":"https:\/\/promochaudiere.be\/nl\/wp-json\/wp\/v2\/media?parent=14000"}],"wp:term":[{"taxonomy":"product_brand","embeddable":true,"href":"https:\/\/promochaudiere.be\/nl\/wp-json\/wp\/v2\/product_brand?post=14000"},{"taxonomy":"product_cat","embeddable":true,"href":"https:\/\/promochaudiere.be\/nl\/wp-json\/wp\/v2\/product_cat?post=14000"},{"taxonomy":"product_tag","embeddable":true,"href":"https:\/\/promochaudiere.be\/nl\/wp-json\/wp\/v2\/product_tag?post=14000"}],"curies":[{"name":"wp","href":"https:\/\/api.w.org\/{rel}","templated":true}]}}