{"id":14001,"date":"2025-01-17T09:49:34","date_gmt":"2025-01-17T09:49:34","guid":{"rendered":"https:\/\/promochaudiere.be\/produit\/remeha-raccord-flex-flex-de-serie-quinta-65-115-de-diametre-100mm-m86325\/"},"modified":"2026-02-03T18:14:52","modified_gmt":"2026-02-03T17:14:52","slug":"remeha-raccord-flex-flex-de-serie-quinta-65-115-de-diametre-100mm-m86325","status":"publish","type":"product","link":"https:\/\/promochaudiere.be\/nl\/product\/remeha-raccord-flex-flex-de-serie-quinta-65-115-de-diametre-100mm-m86325\/","title":{"rendered":"Remeha raccord flex-flex  de s\u00e9rie Quinta 65-115 de diam\u00e8tre 100mm M86325"},"content":{"rendered":"<p>Ce raccord flexible Remeha est con\u00e7u pour les chaudi\u00e8res de la s\u00e9rie Quinta 65-115. Il assure une connexion \u00e9tanche et fiable entre les diff\u00e9rents \u00e9l\u00e9ments du syst\u00e8me. Sa flexibilit\u00e9 facilite l\u2019installation et permet une adaptation rapide aux configurations existantes. Fabriqu\u00e9 en mat\u00e9riau r\u00e9sistant, il garantit une longue dur\u00e9e de vie. Id\u00e9al pour optimiser la circulation du fluide caloporteur. Un \u00e9l\u00e9ment essentiel pour une installation robuste et performante.<\/p>","protected":false},"excerpt":{"rendered":"<p>Remeha raccord flex-flex  de s\u00e9rie Quinta 65-115 de diam\u00e8tre 100mm M86325<\/p>","protected":false},"featured_media":22283,"comment_status":"open","ping_status":"closed","template":"","meta":[],"product_brand":[],"product_cat":[9527,8840],"product_tag":[],"class_list":{"0":"post-14001","1":"product","2":"type-product","3":"status-publish","4":"has-post-thumbnail","6":"product_cat-accessoire-remeha","7":"product_cat-test","8":"pa_marque-remeha","10":"first","11":"instock","12":"sale","13":"taxable","14":"shipping-taxable","15":"purchasable","16":"product-type-simple"},"aioseo_notices":[],"_links":{"self":[{"href":"https:\/\/promochaudiere.be\/nl\/wp-json\/wp\/v2\/product\/14001","targetHints":{"allow":["GET"]}}],"collection":[{"href":"https:\/\/promochaudiere.be\/nl\/wp-json\/wp\/v2\/product"}],"about":[{"href":"https:\/\/promochaudiere.be\/nl\/wp-json\/wp\/v2\/types\/product"}],"replies":[{"embeddable":true,"href":"https:\/\/promochaudiere.be\/nl\/wp-json\/wp\/v2\/comments?post=14001"}],"version-history":[{"count":1,"href":"https:\/\/promochaudiere.be\/nl\/wp-json\/wp\/v2\/product\/14001\/revisions"}],"predecessor-version":[{"id":45877,"href":"https:\/\/promochaudiere.be\/nl\/wp-json\/wp\/v2\/product\/14001\/revisions\/45877"}],"wp:featuredmedia":[{"embeddable":true,"href":"https:\/\/promochaudiere.be\/nl\/wp-json\/wp\/v2\/media\/22283"}],"wp:attachment":[{"href":"https:\/\/promochaudiere.be\/nl\/wp-json\/wp\/v2\/media?parent=14001"}],"wp:term":[{"taxonomy":"product_brand","embeddable":true,"href":"https:\/\/promochaudiere.be\/nl\/wp-json\/wp\/v2\/product_brand?post=14001"},{"taxonomy":"product_cat","embeddable":true,"href":"https:\/\/promochaudiere.be\/nl\/wp-json\/wp\/v2\/product_cat?post=14001"},{"taxonomy":"product_tag","embeddable":true,"href":"https:\/\/promochaudiere.be\/nl\/wp-json\/wp\/v2\/product_tag?post=14001"}],"curies":[{"name":"wp","href":"https:\/\/api.w.org\/{rel}","templated":true}]}}