{"id":14002,"date":"2025-01-17T09:49:34","date_gmt":"2025-01-17T09:49:34","guid":{"rendered":"https:\/\/promochaudiere.be\/produit\/remeha-sonde-exterieure-filaire-pour-initia-7735714\/"},"modified":"2026-02-03T18:14:52","modified_gmt":"2026-02-03T17:14:52","slug":"remeha-sonde-exterieure-filaire-pour-initia-7735714","status":"publish","type":"product","link":"https:\/\/promochaudiere.be\/nl\/product\/remeha-sonde-exterieure-filaire-pour-initia-7735714\/","title":{"rendered":"REMEHA SONDE EXT\u00c9RIEURE FILAIRE POUR INITIA 7735714"},"content":{"rendered":"<p>Cette sonde ext\u00e9rieure filaire Remeha est con\u00e7ue pour ajuster la temp\u00e9rature de la chaudi\u00e8re en fonction des conditions climatiques ext\u00e9rieures. Elle permet d\u2019optimiser la consommation \u00e9nerg\u00e9tique et d\u2019am\u00e9liorer le confort thermique. Facile \u00e0 installer, elle assure une r\u00e9gulation automatique de la temp\u00e9rature du chauffage. Un accessoire essentiel pour un syst\u00e8me de chauffage efficace.<\/p>","protected":false},"excerpt":{"rendered":"<p>REMEHA SONDE EXT\u00c9RIEURE FILAIRE POUR INITIA 7735714<\/p>","protected":false},"featured_media":21343,"comment_status":"open","ping_status":"closed","template":"","meta":[],"product_brand":[],"product_cat":[8840,534],"product_tag":[],"class_list":{"0":"post-14002","1":"product","2":"type-product","3":"status-publish","4":"has-post-thumbnail","6":"product_cat-test","7":"product_cat-thermostat-remeha-fr","8":"pa_marque-remeha","10":"first","11":"instock","12":"sale","13":"taxable","14":"shipping-taxable","15":"purchasable","16":"product-type-simple"},"aioseo_notices":[],"_links":{"self":[{"href":"https:\/\/promochaudiere.be\/nl\/wp-json\/wp\/v2\/product\/14002","targetHints":{"allow":["GET"]}}],"collection":[{"href":"https:\/\/promochaudiere.be\/nl\/wp-json\/wp\/v2\/product"}],"about":[{"href":"https:\/\/promochaudiere.be\/nl\/wp-json\/wp\/v2\/types\/product"}],"replies":[{"embeddable":true,"href":"https:\/\/promochaudiere.be\/nl\/wp-json\/wp\/v2\/comments?post=14002"}],"version-history":[{"count":1,"href":"https:\/\/promochaudiere.be\/nl\/wp-json\/wp\/v2\/product\/14002\/revisions"}],"predecessor-version":[{"id":45878,"href":"https:\/\/promochaudiere.be\/nl\/wp-json\/wp\/v2\/product\/14002\/revisions\/45878"}],"wp:featuredmedia":[{"embeddable":true,"href":"https:\/\/promochaudiere.be\/nl\/wp-json\/wp\/v2\/media\/21343"}],"wp:attachment":[{"href":"https:\/\/promochaudiere.be\/nl\/wp-json\/wp\/v2\/media?parent=14002"}],"wp:term":[{"taxonomy":"product_brand","embeddable":true,"href":"https:\/\/promochaudiere.be\/nl\/wp-json\/wp\/v2\/product_brand?post=14002"},{"taxonomy":"product_cat","embeddable":true,"href":"https:\/\/promochaudiere.be\/nl\/wp-json\/wp\/v2\/product_cat?post=14002"},{"taxonomy":"product_tag","embeddable":true,"href":"https:\/\/promochaudiere.be\/nl\/wp-json\/wp\/v2\/product_tag?post=14002"}],"curies":[{"name":"wp","href":"https:\/\/api.w.org\/{rel}","templated":true}]}}