{"id":14003,"date":"2025-01-17T09:49:35","date_gmt":"2025-01-17T09:49:35","guid":{"rendered":"https:\/\/promochaudiere.be\/produit\/oerli-sonde-sanitaire-ad-212-100000030\/"},"modified":"2026-02-03T18:13:44","modified_gmt":"2026-02-03T17:13:44","slug":"oerli-sonde-sanitaire-ad-212-100000030","status":"publish","type":"product","link":"https:\/\/promochaudiere.be\/nl\/product\/oerli-sonde-sanitaire-ad-212-100000030\/","title":{"rendered":"Oerli sonde sanitaire AD 212 100000030"},"content":{"rendered":"<p>Cette sonde sanitaire Oerli est con\u00e7ue pour contr\u00f4ler la temp\u00e9rature de l\u2019eau chaude sanitaire avec une grande pr\u00e9cision. Elle permet une meilleure gestion \u00e9nerg\u00e9tique des chauffe-eaux et chaudi\u00e8res. Son installation est rapide et simplifi\u00e9e. Id\u00e9ale pour garantir un confort thermique optimal.<\/p>","protected":false},"excerpt":{"rendered":"<p>Oerli sonde sanitaire AD 212 100000030<\/p>","protected":false},"featured_media":22601,"comment_status":"open","ping_status":"closed","template":"","meta":[],"product_brand":[],"product_cat":[8840,534],"product_tag":[],"class_list":{"0":"post-14003","1":"product","2":"type-product","3":"status-publish","4":"has-post-thumbnail","6":"product_cat-test","7":"product_cat-thermostat-remeha-fr","8":"pa_marque-oertli","10":"first","11":"instock","12":"sale","13":"taxable","14":"shipping-taxable","15":"purchasable","16":"product-type-simple"},"aioseo_notices":[],"_links":{"self":[{"href":"https:\/\/promochaudiere.be\/nl\/wp-json\/wp\/v2\/product\/14003","targetHints":{"allow":["GET"]}}],"collection":[{"href":"https:\/\/promochaudiere.be\/nl\/wp-json\/wp\/v2\/product"}],"about":[{"href":"https:\/\/promochaudiere.be\/nl\/wp-json\/wp\/v2\/types\/product"}],"replies":[{"embeddable":true,"href":"https:\/\/promochaudiere.be\/nl\/wp-json\/wp\/v2\/comments?post=14003"}],"version-history":[{"count":1,"href":"https:\/\/promochaudiere.be\/nl\/wp-json\/wp\/v2\/product\/14003\/revisions"}],"predecessor-version":[{"id":45874,"href":"https:\/\/promochaudiere.be\/nl\/wp-json\/wp\/v2\/product\/14003\/revisions\/45874"}],"wp:featuredmedia":[{"embeddable":true,"href":"https:\/\/promochaudiere.be\/nl\/wp-json\/wp\/v2\/media\/22601"}],"wp:attachment":[{"href":"https:\/\/promochaudiere.be\/nl\/wp-json\/wp\/v2\/media?parent=14003"}],"wp:term":[{"taxonomy":"product_brand","embeddable":true,"href":"https:\/\/promochaudiere.be\/nl\/wp-json\/wp\/v2\/product_brand?post=14003"},{"taxonomy":"product_cat","embeddable":true,"href":"https:\/\/promochaudiere.be\/nl\/wp-json\/wp\/v2\/product_cat?post=14003"},{"taxonomy":"product_tag","embeddable":true,"href":"https:\/\/promochaudiere.be\/nl\/wp-json\/wp\/v2\/product_tag?post=14003"}],"curies":[{"name":"wp","href":"https:\/\/api.w.org\/{rel}","templated":true}]}}