{"id":14004,"date":"2025-01-17T09:49:35","date_gmt":"2025-01-17T09:49:35","guid":{"rendered":"https:\/\/promochaudiere.be\/produit\/pipelife-cheminee-daeration-en-pvc-couleur-grise-200mm-1297310028\/"},"modified":"2026-02-03T18:14:51","modified_gmt":"2026-02-03T17:14:51","slug":"pipelife-cheminee-daeration-en-pvc-couleur-grise-200mm-1297310028","status":"publish","type":"product","link":"https:\/\/promochaudiere.be\/nl\/product\/pipelife-cheminee-daeration-en-pvc-couleur-grise-200mm-1297310028\/","title":{"rendered":"Pipelife Chemin\u00e9e d&rsquo;a\u00e9ration en pvc couleur grise 200mm 1297310028"},"content":{"rendered":"<p>Pipelife Chemin\u00e9e d&rsquo;a\u00e9ration en pvc couleur grise 200mm 1297310028<\/p>","protected":false},"excerpt":{"rendered":"<p>Pipelife Chemin\u00e9e d&rsquo;a\u00e9ration en pvc couleur grise 200mm 1297310028<\/p>","protected":false},"featured_media":21033,"comment_status":"open","ping_status":"closed","template":"","meta":[],"product_brand":[],"product_cat":[2791],"product_tag":[],"class_list":{"0":"post-14004","1":"product","2":"type-product","3":"status-publish","4":"has-post-thumbnail","6":"product_cat-accessoires-de-ventilation","7":"pa_marque-pipelife","9":"first","10":"instock","11":"sale","12":"taxable","13":"shipping-taxable","14":"purchasable","15":"product-type-simple"},"aioseo_notices":[],"_links":{"self":[{"href":"https:\/\/promochaudiere.be\/nl\/wp-json\/wp\/v2\/product\/14004","targetHints":{"allow":["GET"]}}],"collection":[{"href":"https:\/\/promochaudiere.be\/nl\/wp-json\/wp\/v2\/product"}],"about":[{"href":"https:\/\/promochaudiere.be\/nl\/wp-json\/wp\/v2\/types\/product"}],"replies":[{"embeddable":true,"href":"https:\/\/promochaudiere.be\/nl\/wp-json\/wp\/v2\/comments?post=14004"}],"version-history":[{"count":1,"href":"https:\/\/promochaudiere.be\/nl\/wp-json\/wp\/v2\/product\/14004\/revisions"}],"predecessor-version":[{"id":45875,"href":"https:\/\/promochaudiere.be\/nl\/wp-json\/wp\/v2\/product\/14004\/revisions\/45875"}],"wp:featuredmedia":[{"embeddable":true,"href":"https:\/\/promochaudiere.be\/nl\/wp-json\/wp\/v2\/media\/21033"}],"wp:attachment":[{"href":"https:\/\/promochaudiere.be\/nl\/wp-json\/wp\/v2\/media?parent=14004"}],"wp:term":[{"taxonomy":"product_brand","embeddable":true,"href":"https:\/\/promochaudiere.be\/nl\/wp-json\/wp\/v2\/product_brand?post=14004"},{"taxonomy":"product_cat","embeddable":true,"href":"https:\/\/promochaudiere.be\/nl\/wp-json\/wp\/v2\/product_cat?post=14004"},{"taxonomy":"product_tag","embeddable":true,"href":"https:\/\/promochaudiere.be\/nl\/wp-json\/wp\/v2\/product_tag?post=14004"}],"curies":[{"name":"wp","href":"https:\/\/api.w.org\/{rel}","templated":true}]}}