{"id":14006,"date":"2025-01-17T09:49:36","date_gmt":"2025-01-17T09:49:36","guid":{"rendered":"https:\/\/promochaudiere.be\/produit\/de-boer-cheminee-daeration-en-aluminium-110-125mm-420454111\/"},"modified":"2026-02-03T18:14:52","modified_gmt":"2026-02-03T17:14:52","slug":"de-boer-cheminee-daeration-en-aluminium-110-125mm-420454111","status":"publish","type":"product","link":"https:\/\/promochaudiere.be\/nl\/product\/de-boer-cheminee-daeration-en-aluminium-110-125mm-420454111\/","title":{"rendered":"De Boer Chemin\u00e9e d&rsquo;a\u00e9ration en aluminium 110\/125mm 420454111"},"content":{"rendered":"<p>Cette chemin\u00e9e d&rsquo;a\u00e9ration De Boer est con\u00e7ue pour assurer une ventilation optimale des toitures et des combles. Son diam\u00e8tre de 110\/125mm garantit une compatibilit\u00e9 avec divers syst\u00e8mes d&rsquo;a\u00e9ration. Fabriqu\u00e9e en aluminium, elle offre une excellente r\u00e9sistance aux intemp\u00e9ries et \u00e0 la corrosion. Son design permet une \u00e9vacuation efficace de l&rsquo;air vici\u00e9 tout en emp\u00eachant les infiltrations d\u2019eau. Facile \u00e0 installer, elle contribue \u00e0 une meilleure qualit\u00e9 de l\u2019air et \u00e0 la durabilit\u00e9 de la structure du b\u00e2timent.<\/p>","protected":false},"excerpt":{"rendered":"<p>De Boer Chemin\u00e9e d&rsquo;a\u00e9ration en aluminium 110\/125mm 420454111<\/p>","protected":false},"featured_media":22576,"comment_status":"open","ping_status":"closed","template":"","meta":[],"product_brand":[],"product_cat":[2791,8840],"product_tag":[],"class_list":{"0":"post-14006","1":"product","2":"type-product","3":"status-publish","4":"has-post-thumbnail","6":"product_cat-accessoires-de-ventilation","7":"product_cat-test","8":"pa_marque-de-boer","10":"first","11":"instock","12":"sale","13":"taxable","14":"shipping-taxable","15":"purchasable","16":"product-type-simple"},"aioseo_notices":[],"_links":{"self":[{"href":"https:\/\/promochaudiere.be\/nl\/wp-json\/wp\/v2\/product\/14006","targetHints":{"allow":["GET"]}}],"collection":[{"href":"https:\/\/promochaudiere.be\/nl\/wp-json\/wp\/v2\/product"}],"about":[{"href":"https:\/\/promochaudiere.be\/nl\/wp-json\/wp\/v2\/types\/product"}],"replies":[{"embeddable":true,"href":"https:\/\/promochaudiere.be\/nl\/wp-json\/wp\/v2\/comments?post=14006"}],"version-history":[{"count":1,"href":"https:\/\/promochaudiere.be\/nl\/wp-json\/wp\/v2\/product\/14006\/revisions"}],"predecessor-version":[{"id":45871,"href":"https:\/\/promochaudiere.be\/nl\/wp-json\/wp\/v2\/product\/14006\/revisions\/45871"}],"wp:featuredmedia":[{"embeddable":true,"href":"https:\/\/promochaudiere.be\/nl\/wp-json\/wp\/v2\/media\/22576"}],"wp:attachment":[{"href":"https:\/\/promochaudiere.be\/nl\/wp-json\/wp\/v2\/media?parent=14006"}],"wp:term":[{"taxonomy":"product_brand","embeddable":true,"href":"https:\/\/promochaudiere.be\/nl\/wp-json\/wp\/v2\/product_brand?post=14006"},{"taxonomy":"product_cat","embeddable":true,"href":"https:\/\/promochaudiere.be\/nl\/wp-json\/wp\/v2\/product_cat?post=14006"},{"taxonomy":"product_tag","embeddable":true,"href":"https:\/\/promochaudiere.be\/nl\/wp-json\/wp\/v2\/product_tag?post=14006"}],"curies":[{"name":"wp","href":"https:\/\/api.w.org\/{rel}","templated":true}]}}