{"id":14008,"date":"2025-01-17T09:49:36","date_gmt":"2025-01-17T09:49:36","guid":{"rendered":"https:\/\/promochaudiere.be\/produit\/bosch-sonde-dambiance-modulaire-commande-a-distance-cr11-classe-v-3-7738112963\/"},"modified":"2026-02-03T18:13:44","modified_gmt":"2026-02-03T17:13:44","slug":"bosch-sonde-dambiance-modulaire-commande-a-distance-cr11-classe-v-3-7738112963","status":"publish","type":"product","link":"https:\/\/promochaudiere.be\/nl\/product\/bosch-sonde-dambiance-modulaire-commande-a-distance-cr11-classe-v-3-7738112963\/","title":{"rendered":"BOSCH SONDE D&rsquo;AMBIANCE MODULAIRE \/ COMMANDE A DISTANCE CR11 CLASSE V (3%) 7738112963"},"content":{"rendered":"<p>La sonde d\u2019ambiance modulaire Bosch CR100 est la solution id\u00e9ale pour un contr\u00f4le pr\u00e9cis de votre chauffage. Gr\u00e2ce \u00e0 son interface intuitive, elle permet de r\u00e9gler facilement la temp\u00e9rature ambiante pour un confort optimal. Compatible avec les syst\u00e8mes Bosch, elle assure une gestion intelligente et \u00e9conomique de l\u2019\u00e9nergie. Son design compact et moderne s\u2019int\u00e8gre parfaitement \u00e0 tous les int\u00e9rieurs. Elle offre une r\u00e9gulation avanc\u00e9e pour une meilleure efficacit\u00e9 \u00e9nerg\u00e9tique. <\/p>","protected":false},"excerpt":{"rendered":"<p>BOSCH SONDE D&rsquo;AMBIANCE MODULAIRE \/ COMMANDE A DISTANCE CR11 CLASSE V (3%) 7738112963<\/p>","protected":false},"featured_media":21348,"comment_status":"open","ping_status":"closed","template":"","meta":[],"product_brand":[],"product_cat":[8840,578],"product_tag":[],"class_list":{"0":"post-14008","1":"product","2":"type-product","3":"status-publish","4":"has-post-thumbnail","6":"product_cat-test","7":"product_cat-thermostat-bosch-fr","8":"pa_marque-bosch","10":"first","11":"instock","12":"sale","13":"taxable","14":"shipping-taxable","15":"purchasable","16":"product-type-simple"},"aioseo_notices":[],"_links":{"self":[{"href":"https:\/\/promochaudiere.be\/nl\/wp-json\/wp\/v2\/product\/14008","targetHints":{"allow":["GET"]}}],"collection":[{"href":"https:\/\/promochaudiere.be\/nl\/wp-json\/wp\/v2\/product"}],"about":[{"href":"https:\/\/promochaudiere.be\/nl\/wp-json\/wp\/v2\/types\/product"}],"replies":[{"embeddable":true,"href":"https:\/\/promochaudiere.be\/nl\/wp-json\/wp\/v2\/comments?post=14008"}],"version-history":[{"count":1,"href":"https:\/\/promochaudiere.be\/nl\/wp-json\/wp\/v2\/product\/14008\/revisions"}],"predecessor-version":[{"id":45872,"href":"https:\/\/promochaudiere.be\/nl\/wp-json\/wp\/v2\/product\/14008\/revisions\/45872"}],"wp:featuredmedia":[{"embeddable":true,"href":"https:\/\/promochaudiere.be\/nl\/wp-json\/wp\/v2\/media\/21348"}],"wp:attachment":[{"href":"https:\/\/promochaudiere.be\/nl\/wp-json\/wp\/v2\/media?parent=14008"}],"wp:term":[{"taxonomy":"product_brand","embeddable":true,"href":"https:\/\/promochaudiere.be\/nl\/wp-json\/wp\/v2\/product_brand?post=14008"},{"taxonomy":"product_cat","embeddable":true,"href":"https:\/\/promochaudiere.be\/nl\/wp-json\/wp\/v2\/product_cat?post=14008"},{"taxonomy":"product_tag","embeddable":true,"href":"https:\/\/promochaudiere.be\/nl\/wp-json\/wp\/v2\/product_tag?post=14008"}],"curies":[{"name":"wp","href":"https:\/\/api.w.org\/{rel}","templated":true}]}}