{"id":14011,"date":"2025-01-17T09:49:37","date_gmt":"2025-01-17T09:49:37","guid":{"rendered":"https:\/\/promochaudiere.be\/produit\/soupape-de-securite-therm-gaz-4-4-rht-5-bar-gpf102609\/"},"modified":"2026-02-03T18:14:51","modified_gmt":"2026-02-03T17:14:51","slug":"soupape-de-securite-therm-gaz-4-4-rht-5-bar-gpf102609","status":"publish","type":"product","link":"https:\/\/promochaudiere.be\/nl\/product\/soupape-de-securite-therm-gaz-4-4-rht-5-bar-gpf102609\/","title":{"rendered":"SOUPAPE DE SECURITE THERM.GAZ 4\/4&Prime; RHT 5 BAR GPF102609"},"content":{"rendered":"<p>Version 4\/4&Prime; de la soupape de s\u00e9curit\u00e9 thermogaz, elle assure les m\u00eames performances en termes de protection contre les surpressions. Robuste et facile \u00e0 installer, elle garantit une s\u00e9curit\u00e9 maximale pour toutes les installations utilisant du gaz.<\/p>","protected":false},"excerpt":{"rendered":"<p>SOUPAPE DE SECURITE THERM.GAZ 4\/4&Prime; RHT 5 BAR GPF102609<\/p>","protected":false},"featured_media":21682,"comment_status":"open","ping_status":"closed","template":"","meta":[],"product_brand":[],"product_cat":[5549,8840],"product_tag":[],"class_list":{"0":"post-14011","1":"product","2":"type-product","3":"status-publish","4":"has-post-thumbnail","6":"product_cat-accessoires-gaz","7":"product_cat-test","9":"first","10":"instock","11":"sale","12":"taxable","13":"shipping-taxable","14":"purchasable","15":"product-type-simple"},"aioseo_notices":[],"_links":{"self":[{"href":"https:\/\/promochaudiere.be\/nl\/wp-json\/wp\/v2\/product\/14011","targetHints":{"allow":["GET"]}}],"collection":[{"href":"https:\/\/promochaudiere.be\/nl\/wp-json\/wp\/v2\/product"}],"about":[{"href":"https:\/\/promochaudiere.be\/nl\/wp-json\/wp\/v2\/types\/product"}],"replies":[{"embeddable":true,"href":"https:\/\/promochaudiere.be\/nl\/wp-json\/wp\/v2\/comments?post=14011"}],"version-history":[{"count":1,"href":"https:\/\/promochaudiere.be\/nl\/wp-json\/wp\/v2\/product\/14011\/revisions"}],"predecessor-version":[{"id":53197,"href":"https:\/\/promochaudiere.be\/nl\/wp-json\/wp\/v2\/product\/14011\/revisions\/53197"}],"wp:featuredmedia":[{"embeddable":true,"href":"https:\/\/promochaudiere.be\/nl\/wp-json\/wp\/v2\/media\/21682"}],"wp:attachment":[{"href":"https:\/\/promochaudiere.be\/nl\/wp-json\/wp\/v2\/media?parent=14011"}],"wp:term":[{"taxonomy":"product_brand","embeddable":true,"href":"https:\/\/promochaudiere.be\/nl\/wp-json\/wp\/v2\/product_brand?post=14011"},{"taxonomy":"product_cat","embeddable":true,"href":"https:\/\/promochaudiere.be\/nl\/wp-json\/wp\/v2\/product_cat?post=14011"},{"taxonomy":"product_tag","embeddable":true,"href":"https:\/\/promochaudiere.be\/nl\/wp-json\/wp\/v2\/product_tag?post=14011"}],"curies":[{"name":"wp","href":"https:\/\/api.w.org\/{rel}","templated":true}]}}