{"id":14019,"date":"2025-01-17T09:49:40","date_gmt":"2025-01-17T09:49:40","guid":{"rendered":"https:\/\/promochaudiere.be\/produit\/comap-combinaison-bitube-thermostat-murcoude-1-2-m22-rk8597242\/"},"modified":"2026-02-03T18:14:53","modified_gmt":"2026-02-03T17:14:53","slug":"comap-combinaison-bitube-thermostat-murcoude-1-2-m22-rk8597242","status":"publish","type":"product","link":"https:\/\/promochaudiere.be\/nl\/product\/comap-combinaison-bitube-thermostat-murcoude-1-2-m22-rk8597242\/","title":{"rendered":"Comap COMBINAISON BITUBE THERMOSTAT  MUR+COUDE 1\/2&Prime;-M22 RK8597242"},"content":{"rendered":"<p>Ce mod\u00e8le Comap est con\u00e7u pour une installation murale en circuit bitube. Son thermostat int\u00e9gr\u00e9 assure un r\u00e9glage pr\u00e9cis de la temp\u00e9rature, am\u00e9liorant ainsi le confort et r\u00e9duisant la consommation d\u2019\u00e9nergie.<\/p>","protected":false},"excerpt":{"rendered":"<p>Comap COMBINAISON BITUBE THERMOSTAT  MUR+COUDE 1\/2&Prime;-M22 RK8597242<\/p>","protected":false},"featured_media":21774,"comment_status":"open","ping_status":"closed","template":"","meta":[],"product_brand":[],"product_cat":[574,8840],"product_tag":[],"class_list":{"0":"post-14019","1":"product","2":"type-product","3":"status-publish","4":"has-post-thumbnail","6":"product_cat-accessoires-radiateurs","7":"product_cat-test","8":"pa_marque-comap","10":"first","11":"instock","12":"sale","13":"taxable","14":"shipping-taxable","15":"purchasable","16":"product-type-simple"},"aioseo_notices":[],"_links":{"self":[{"href":"https:\/\/promochaudiere.be\/nl\/wp-json\/wp\/v2\/product\/14019","targetHints":{"allow":["GET"]}}],"collection":[{"href":"https:\/\/promochaudiere.be\/nl\/wp-json\/wp\/v2\/product"}],"about":[{"href":"https:\/\/promochaudiere.be\/nl\/wp-json\/wp\/v2\/types\/product"}],"replies":[{"embeddable":true,"href":"https:\/\/promochaudiere.be\/nl\/wp-json\/wp\/v2\/comments?post=14019"}],"version-history":[{"count":1,"href":"https:\/\/promochaudiere.be\/nl\/wp-json\/wp\/v2\/product\/14019\/revisions"}],"predecessor-version":[{"id":45866,"href":"https:\/\/promochaudiere.be\/nl\/wp-json\/wp\/v2\/product\/14019\/revisions\/45866"}],"wp:featuredmedia":[{"embeddable":true,"href":"https:\/\/promochaudiere.be\/nl\/wp-json\/wp\/v2\/media\/21774"}],"wp:attachment":[{"href":"https:\/\/promochaudiere.be\/nl\/wp-json\/wp\/v2\/media?parent=14019"}],"wp:term":[{"taxonomy":"product_brand","embeddable":true,"href":"https:\/\/promochaudiere.be\/nl\/wp-json\/wp\/v2\/product_brand?post=14019"},{"taxonomy":"product_cat","embeddable":true,"href":"https:\/\/promochaudiere.be\/nl\/wp-json\/wp\/v2\/product_cat?post=14019"},{"taxonomy":"product_tag","embeddable":true,"href":"https:\/\/promochaudiere.be\/nl\/wp-json\/wp\/v2\/product_tag?post=14019"}],"curies":[{"name":"wp","href":"https:\/\/api.w.org\/{rel}","templated":true}]}}