{"id":14020,"date":"2025-01-17T09:49:40","date_gmt":"2025-01-17T09:49:40","guid":{"rendered":"https:\/\/promochaudiere.be\/produit\/comap-combinaison-bitube-thermostat-solcoude-1-2-m22-rk859724\/"},"modified":"2026-02-03T18:14:53","modified_gmt":"2026-02-03T17:14:53","slug":"comap-combinaison-bitube-thermostat-solcoude-1-2-m22-rk859724","status":"publish","type":"product","link":"https:\/\/promochaudiere.be\/nl\/product\/comap-combinaison-bitube-thermostat-solcoude-1-2-m22-rk859724\/","title":{"rendered":"Comap COMBINAISON BITUBE THERMOSTAT  SOL+COUDE 1\/2-M22 RK859724"},"content":{"rendered":"<p>Cette combinaison bitube Comap permet une gestion efficace du chauffage avec un thermostat int\u00e9gr\u00e9. Son raccordement au sol et son coude garantissent une installation rapide et une compatibilit\u00e9 avec les syst\u00e8mes de chauffage central.<\/p>","protected":false},"excerpt":{"rendered":"<p>Comap COMBINAISON BITUBE THERMOSTAT  SOL+COUDE 1\/2-M22 RK859724<\/p>","protected":false},"featured_media":21916,"comment_status":"open","ping_status":"closed","template":"","meta":[],"product_brand":[],"product_cat":[574,8840],"product_tag":[],"class_list":{"0":"post-14020","1":"product","2":"type-product","3":"status-publish","4":"has-post-thumbnail","6":"product_cat-accessoires-radiateurs","7":"product_cat-test","8":"pa_marque-comap","10":"first","11":"instock","12":"sale","13":"taxable","14":"shipping-taxable","15":"purchasable","16":"product-type-simple"},"aioseo_notices":[],"_links":{"self":[{"href":"https:\/\/promochaudiere.be\/nl\/wp-json\/wp\/v2\/product\/14020","targetHints":{"allow":["GET"]}}],"collection":[{"href":"https:\/\/promochaudiere.be\/nl\/wp-json\/wp\/v2\/product"}],"about":[{"href":"https:\/\/promochaudiere.be\/nl\/wp-json\/wp\/v2\/types\/product"}],"replies":[{"embeddable":true,"href":"https:\/\/promochaudiere.be\/nl\/wp-json\/wp\/v2\/comments?post=14020"}],"version-history":[{"count":1,"href":"https:\/\/promochaudiere.be\/nl\/wp-json\/wp\/v2\/product\/14020\/revisions"}],"predecessor-version":[{"id":45867,"href":"https:\/\/promochaudiere.be\/nl\/wp-json\/wp\/v2\/product\/14020\/revisions\/45867"}],"wp:featuredmedia":[{"embeddable":true,"href":"https:\/\/promochaudiere.be\/nl\/wp-json\/wp\/v2\/media\/21916"}],"wp:attachment":[{"href":"https:\/\/promochaudiere.be\/nl\/wp-json\/wp\/v2\/media?parent=14020"}],"wp:term":[{"taxonomy":"product_brand","embeddable":true,"href":"https:\/\/promochaudiere.be\/nl\/wp-json\/wp\/v2\/product_brand?post=14020"},{"taxonomy":"product_cat","embeddable":true,"href":"https:\/\/promochaudiere.be\/nl\/wp-json\/wp\/v2\/product_cat?post=14020"},{"taxonomy":"product_tag","embeddable":true,"href":"https:\/\/promochaudiere.be\/nl\/wp-json\/wp\/v2\/product_tag?post=14020"}],"curies":[{"name":"wp","href":"https:\/\/api.w.org\/{rel}","templated":true}]}}