{"id":14021,"date":"2025-01-17T09:49:41","date_gmt":"2025-01-17T09:49:41","guid":{"rendered":"https:\/\/promochaudiere.be\/produit\/soler-palau-transformateur-ct-12-14-pour-ventilateur-silent-cz-5401261200\/"},"modified":"2026-02-03T18:13:44","modified_gmt":"2026-02-03T17:13:44","slug":"soler-palau-transformateur-ct-12-14-pour-ventilateur-silent-cz-5401261200","status":"publish","type":"product","link":"https:\/\/promochaudiere.be\/nl\/product\/soler-palau-transformateur-ct-12-14-pour-ventilateur-silent-cz-5401261200\/","title":{"rendered":"SOLER &#038; PALAU TRANSFORMATEUR CT-12\/14 POUR VENTILATEUR SILENT CZ 5401261200"},"content":{"rendered":"<p>Ce transformateur Soler &#038; Palau CT-12\/14 est con\u00e7u pour alimenter les ventilateurs en basse tension. Il assure une r\u00e9gulation pr\u00e9cise et s\u00e9curis\u00e9e de l\u2019alimentation \u00e9lectrique. Son installation est simple et rapide, garantissant une compatibilit\u00e9 avec plusieurs mod\u00e8les de ventilateurs. Une solution fiable pour optimiser la ventilation des espaces.<\/p>","protected":false},"excerpt":{"rendered":"<p>SOLER &#038; PALAU TRANSFORMATEUR CT-12\/14 POUR VENTILATEUR SILENT CZ 5401261200<\/p>","protected":false},"featured_media":21853,"comment_status":"open","ping_status":"closed","template":"","meta":[],"product_brand":[],"product_cat":[5535,8840],"product_tag":[],"class_list":{"0":"post-14021","1":"product","2":"type-product","3":"status-publish","4":"has-post-thumbnail","6":"product_cat-extracteur","7":"product_cat-test","8":"pa_marque-soler-palau","10":"first","11":"instock","12":"sale","13":"taxable","14":"shipping-taxable","15":"purchasable","16":"product-type-simple"},"aioseo_notices":[],"_links":{"self":[{"href":"https:\/\/promochaudiere.be\/nl\/wp-json\/wp\/v2\/product\/14021","targetHints":{"allow":["GET"]}}],"collection":[{"href":"https:\/\/promochaudiere.be\/nl\/wp-json\/wp\/v2\/product"}],"about":[{"href":"https:\/\/promochaudiere.be\/nl\/wp-json\/wp\/v2\/types\/product"}],"replies":[{"embeddable":true,"href":"https:\/\/promochaudiere.be\/nl\/wp-json\/wp\/v2\/comments?post=14021"}],"version-history":[{"count":1,"href":"https:\/\/promochaudiere.be\/nl\/wp-json\/wp\/v2\/product\/14021\/revisions"}],"predecessor-version":[{"id":53192,"href":"https:\/\/promochaudiere.be\/nl\/wp-json\/wp\/v2\/product\/14021\/revisions\/53192"}],"wp:featuredmedia":[{"embeddable":true,"href":"https:\/\/promochaudiere.be\/nl\/wp-json\/wp\/v2\/media\/21853"}],"wp:attachment":[{"href":"https:\/\/promochaudiere.be\/nl\/wp-json\/wp\/v2\/media?parent=14021"}],"wp:term":[{"taxonomy":"product_brand","embeddable":true,"href":"https:\/\/promochaudiere.be\/nl\/wp-json\/wp\/v2\/product_brand?post=14021"},{"taxonomy":"product_cat","embeddable":true,"href":"https:\/\/promochaudiere.be\/nl\/wp-json\/wp\/v2\/product_cat?post=14021"},{"taxonomy":"product_tag","embeddable":true,"href":"https:\/\/promochaudiere.be\/nl\/wp-json\/wp\/v2\/product_tag?post=14021"}],"curies":[{"name":"wp","href":"https:\/\/api.w.org\/{rel}","templated":true}]}}