{"id":14024,"date":"2025-01-17T09:49:42","date_gmt":"2025-01-17T09:49:42","guid":{"rendered":"https:\/\/promochaudiere.be\/produit\/bulex-kit-dentretien-complet-pour-thema-condens-et-iso-twin-condens-0010045817-0010045817\/"},"modified":"2026-02-03T18:14:52","modified_gmt":"2026-02-03T17:14:52","slug":"bulex-kit-dentretien-complet-pour-thema-condens-et-iso-twin-condens-0010045817-0010045817","status":"publish","type":"product","link":"https:\/\/promochaudiere.be\/nl\/product\/bulex-kit-dentretien-complet-pour-thema-condens-et-iso-twin-condens-0010045817-0010045817\/","title":{"rendered":"BULEX KIT D&rsquo;ENTRETIEN COMPLET POUR THEMA CONDENS ET ISO TWIN CONDENS 0010045817 0010045817"},"content":{"rendered":"<p>Ce kit d\u2019entretien complet pour chaudi\u00e8res Bulex Thema Condens comprend tous les \u00e9l\u00e9ments n\u00e9cessaires pour une maintenance efficace. Il permet de prolonger la dur\u00e9e de vie de l\u2019appareil tout en maintenant ses performances optimales. Facile \u00e0 utiliser, il garantit un nettoyage approfondi et un contr\u00f4le pr\u00e9cis des composants.<\/p>","protected":false},"excerpt":{"rendered":"<p>BULEX KIT D&rsquo;ENTRETIEN COMPLET POUR THEMA CONDENS ET ISO TWIN CONDENS 0010045817 0010045817<\/p>","protected":false},"featured_media":21741,"comment_status":"open","ping_status":"closed","template":"","meta":[],"product_brand":[],"product_cat":[9507,8840],"product_tag":[],"class_list":{"0":"post-14024","1":"product","2":"type-product","3":"status-publish","4":"has-post-thumbnail","6":"product_cat-pieces-detachees-bulex","7":"product_cat-test","8":"pa_marque-bulex","10":"first","11":"instock","12":"sale","13":"taxable","14":"shipping-taxable","15":"purchasable","16":"product-type-simple"},"aioseo_notices":[],"_links":{"self":[{"href":"https:\/\/promochaudiere.be\/nl\/wp-json\/wp\/v2\/product\/14024","targetHints":{"allow":["GET"]}}],"collection":[{"href":"https:\/\/promochaudiere.be\/nl\/wp-json\/wp\/v2\/product"}],"about":[{"href":"https:\/\/promochaudiere.be\/nl\/wp-json\/wp\/v2\/types\/product"}],"replies":[{"embeddable":true,"href":"https:\/\/promochaudiere.be\/nl\/wp-json\/wp\/v2\/comments?post=14024"}],"version-history":[{"count":1,"href":"https:\/\/promochaudiere.be\/nl\/wp-json\/wp\/v2\/product\/14024\/revisions"}],"predecessor-version":[{"id":45862,"href":"https:\/\/promochaudiere.be\/nl\/wp-json\/wp\/v2\/product\/14024\/revisions\/45862"}],"wp:featuredmedia":[{"embeddable":true,"href":"https:\/\/promochaudiere.be\/nl\/wp-json\/wp\/v2\/media\/21741"}],"wp:attachment":[{"href":"https:\/\/promochaudiere.be\/nl\/wp-json\/wp\/v2\/media?parent=14024"}],"wp:term":[{"taxonomy":"product_brand","embeddable":true,"href":"https:\/\/promochaudiere.be\/nl\/wp-json\/wp\/v2\/product_brand?post=14024"},{"taxonomy":"product_cat","embeddable":true,"href":"https:\/\/promochaudiere.be\/nl\/wp-json\/wp\/v2\/product_cat?post=14024"},{"taxonomy":"product_tag","embeddable":true,"href":"https:\/\/promochaudiere.be\/nl\/wp-json\/wp\/v2\/product_tag?post=14024"}],"curies":[{"name":"wp","href":"https:\/\/api.w.org\/{rel}","templated":true}]}}