{"id":14025,"date":"2025-01-17T09:49:42","date_gmt":"2025-01-17T09:49:42","guid":{"rendered":"https:\/\/promochaudiere.be\/produit\/bulex-degazeur-echangeur-pour-thermomaster-f25-29-s5618400\/"},"modified":"2026-02-03T18:14:52","modified_gmt":"2026-02-03T17:14:52","slug":"bulex-degazeur-echangeur-pour-thermomaster-f25-29-s5618400","status":"publish","type":"product","link":"https:\/\/promochaudiere.be\/nl\/product\/bulex-degazeur-echangeur-pour-thermomaster-f25-29-s5618400\/","title":{"rendered":"Bulex D\u00e9gazeur \u00e9changeur pour Thermomaster F25\/29 S5618400"},"content":{"rendered":"<p>Ce d\u00e9gazeur \u00e9changeur Bulex est con\u00e7u pour \u00e9liminer l\u2019air pr\u00e9sent dans le circuit de chauffage des chaudi\u00e8res Thermomaster F25 et F28. Il am\u00e9liore l\u2019efficacit\u00e9 \u00e9nerg\u00e9tique et pr\u00e9vient les bruits dans l\u2019installation. Son installation facile permet un entretien rapide du syst\u00e8me. Fabriqu\u00e9 en mat\u00e9riaux durables, il garantit une performance optimale sur le long terme. Un accessoire indispensable pour maintenir un chauffage efficace.<\/p>","protected":false},"excerpt":{"rendered":"<p>Bulex D\u00e9gazeur \u00e9changeur pour Thermomaster F25\/29 S5618400<\/p>","protected":false},"featured_media":21712,"comment_status":"open","ping_status":"closed","template":"","meta":[],"product_brand":[],"product_cat":[9507,8840],"product_tag":[],"class_list":{"0":"post-14025","1":"product","2":"type-product","3":"status-publish","4":"has-post-thumbnail","6":"product_cat-pieces-detachees-bulex","7":"product_cat-test","8":"pa_marque-bulex","10":"first","11":"instock","12":"sale","13":"taxable","14":"shipping-taxable","15":"purchasable","16":"product-type-simple"},"aioseo_notices":[],"_links":{"self":[{"href":"https:\/\/promochaudiere.be\/nl\/wp-json\/wp\/v2\/product\/14025","targetHints":{"allow":["GET"]}}],"collection":[{"href":"https:\/\/promochaudiere.be\/nl\/wp-json\/wp\/v2\/product"}],"about":[{"href":"https:\/\/promochaudiere.be\/nl\/wp-json\/wp\/v2\/types\/product"}],"replies":[{"embeddable":true,"href":"https:\/\/promochaudiere.be\/nl\/wp-json\/wp\/v2\/comments?post=14025"}],"version-history":[{"count":1,"href":"https:\/\/promochaudiere.be\/nl\/wp-json\/wp\/v2\/product\/14025\/revisions"}],"predecessor-version":[{"id":45863,"href":"https:\/\/promochaudiere.be\/nl\/wp-json\/wp\/v2\/product\/14025\/revisions\/45863"}],"wp:featuredmedia":[{"embeddable":true,"href":"https:\/\/promochaudiere.be\/nl\/wp-json\/wp\/v2\/media\/21712"}],"wp:attachment":[{"href":"https:\/\/promochaudiere.be\/nl\/wp-json\/wp\/v2\/media?parent=14025"}],"wp:term":[{"taxonomy":"product_brand","embeddable":true,"href":"https:\/\/promochaudiere.be\/nl\/wp-json\/wp\/v2\/product_brand?post=14025"},{"taxonomy":"product_cat","embeddable":true,"href":"https:\/\/promochaudiere.be\/nl\/wp-json\/wp\/v2\/product_cat?post=14025"},{"taxonomy":"product_tag","embeddable":true,"href":"https:\/\/promochaudiere.be\/nl\/wp-json\/wp\/v2\/product_tag?post=14025"}],"curies":[{"name":"wp","href":"https:\/\/api.w.org\/{rel}","templated":true}]}}