{"id":14027,"date":"2025-01-17T09:49:44","date_gmt":"2025-01-17T09:49:44","guid":{"rendered":"https:\/\/promochaudiere.be\/produit\/cuivre-a-souder-coude-45-male-femelle-42mm-10119\/"},"modified":"2026-02-03T18:14:52","modified_gmt":"2026-02-03T17:14:52","slug":"cuivre-a-souder-coude-45-male-femelle-42mm-10119","status":"publish","type":"product","link":"https:\/\/promochaudiere.be\/nl\/product\/cuivre-a-souder-coude-45-male-femelle-42mm-10119\/","title":{"rendered":"Cuivre \u00e0 souder coude 45\u00b0 m\u00e2le\/femelle 42mm 10119"},"content":{"rendered":"<p>Ce coude en cuivre permet une connexion fiable et durable dans les circuits hydrauliques. Son angle de 45\u00b0 facilite l\u2019installation des canalisations en optimisant la circulation du fluide. Compatible avec la soudure capillaire, il garantit une \u00e9tanch\u00e9it\u00e9 parfaite. Sa fabrication en cuivre de haute qualit\u00e9 lui conf\u00e8re une excellente r\u00e9sistance \u00e0 la corrosion et aux hautes temp\u00e9ratures. Id\u00e9al pour les installations de chauffage et de plomberie. Un choix parfait pour des raccordements s\u00e9curis\u00e9s et efficaces.<\/p>","protected":false},"excerpt":{"rendered":"<p>Cuivre \u00e0 souder coude 45\u00b0 m\u00e2le\/femelle 42mm 10119<\/p>","protected":false},"featured_media":22154,"comment_status":"open","ping_status":"closed","template":"","meta":[],"product_brand":[],"product_cat":[5515,8840],"product_tag":[],"class_list":{"0":"post-14027","1":"product","2":"type-product","3":"status-publish","4":"has-post-thumbnail","6":"product_cat-accessoires-fioul","7":"product_cat-test","9":"first","10":"instock","11":"sale","12":"taxable","13":"shipping-taxable","14":"purchasable","15":"product-type-simple"},"aioseo_notices":[],"_links":{"self":[{"href":"https:\/\/promochaudiere.be\/nl\/wp-json\/wp\/v2\/product\/14027","targetHints":{"allow":["GET"]}}],"collection":[{"href":"https:\/\/promochaudiere.be\/nl\/wp-json\/wp\/v2\/product"}],"about":[{"href":"https:\/\/promochaudiere.be\/nl\/wp-json\/wp\/v2\/types\/product"}],"replies":[{"embeddable":true,"href":"https:\/\/promochaudiere.be\/nl\/wp-json\/wp\/v2\/comments?post=14027"}],"version-history":[{"count":1,"href":"https:\/\/promochaudiere.be\/nl\/wp-json\/wp\/v2\/product\/14027\/revisions"}],"predecessor-version":[{"id":53189,"href":"https:\/\/promochaudiere.be\/nl\/wp-json\/wp\/v2\/product\/14027\/revisions\/53189"}],"wp:featuredmedia":[{"embeddable":true,"href":"https:\/\/promochaudiere.be\/nl\/wp-json\/wp\/v2\/media\/22154"}],"wp:attachment":[{"href":"https:\/\/promochaudiere.be\/nl\/wp-json\/wp\/v2\/media?parent=14027"}],"wp:term":[{"taxonomy":"product_brand","embeddable":true,"href":"https:\/\/promochaudiere.be\/nl\/wp-json\/wp\/v2\/product_brand?post=14027"},{"taxonomy":"product_cat","embeddable":true,"href":"https:\/\/promochaudiere.be\/nl\/wp-json\/wp\/v2\/product_cat?post=14027"},{"taxonomy":"product_tag","embeddable":true,"href":"https:\/\/promochaudiere.be\/nl\/wp-json\/wp\/v2\/product_tag?post=14027"}],"curies":[{"name":"wp","href":"https:\/\/api.w.org\/{rel}","templated":true}]}}