{"id":14029,"date":"2025-01-17T09:49:45","date_gmt":"2025-01-17T09:49:45","guid":{"rendered":"https:\/\/promochaudiere.be\/produit\/raccord-isolant-separation-galvanique-gaz-ff-5-4-ecp100249\/"},"modified":"2026-02-03T18:14:52","modified_gmt":"2026-02-03T17:14:52","slug":"raccord-isolant-separation-galvanique-gaz-ff-5-4-ecp100249","status":"publish","type":"product","link":"https:\/\/promochaudiere.be\/nl\/product\/raccord-isolant-separation-galvanique-gaz-ff-5-4-ecp100249\/","title":{"rendered":"RACCORD ISOLANT SEPARATION GALVANIQUE GAZ FF 5\/4&Prime; ECP100249"},"content":{"rendered":"<p>Ce raccord isolant ECP100249 est con\u00e7u pour pr\u00e9venir la corrosion \u00e9lectrochimique dans les circuits de gaz. Il assure une isolation parfaite entre les conduites pour prolonger la dur\u00e9e de vie des installations. Sa fabrication en mat\u00e9riaux r\u00e9sistants garantit une excellente \u00e9tanch\u00e9it\u00e9. Facile \u00e0 poser, il s\u2019adapte \u00e0 de nombreux types de r\u00e9seaux de gaz. Un \u00e9l\u00e9ment cl\u00e9 pour prot\u00e9ger et s\u00e9curiser les installations.<\/p>","protected":false},"excerpt":{"rendered":"<p>RACCORD ISOLANT SEPARATION GALVANIQUE GAZ FF 5\/4&Prime; ECP100249<\/p>","protected":false},"featured_media":21445,"comment_status":"open","ping_status":"closed","template":"","meta":[],"product_brand":[],"product_cat":[5549,8840],"product_tag":[],"class_list":{"0":"post-14029","1":"product","2":"type-product","3":"status-publish","4":"has-post-thumbnail","6":"product_cat-accessoires-gaz","7":"product_cat-test","9":"first","10":"instock","11":"sale","12":"taxable","13":"shipping-taxable","14":"purchasable","15":"product-type-simple"},"aioseo_notices":[],"_links":{"self":[{"href":"https:\/\/promochaudiere.be\/nl\/wp-json\/wp\/v2\/product\/14029","targetHints":{"allow":["GET"]}}],"collection":[{"href":"https:\/\/promochaudiere.be\/nl\/wp-json\/wp\/v2\/product"}],"about":[{"href":"https:\/\/promochaudiere.be\/nl\/wp-json\/wp\/v2\/types\/product"}],"replies":[{"embeddable":true,"href":"https:\/\/promochaudiere.be\/nl\/wp-json\/wp\/v2\/comments?post=14029"}],"version-history":[{"count":1,"href":"https:\/\/promochaudiere.be\/nl\/wp-json\/wp\/v2\/product\/14029\/revisions"}],"predecessor-version":[{"id":53187,"href":"https:\/\/promochaudiere.be\/nl\/wp-json\/wp\/v2\/product\/14029\/revisions\/53187"}],"wp:featuredmedia":[{"embeddable":true,"href":"https:\/\/promochaudiere.be\/nl\/wp-json\/wp\/v2\/media\/21445"}],"wp:attachment":[{"href":"https:\/\/promochaudiere.be\/nl\/wp-json\/wp\/v2\/media?parent=14029"}],"wp:term":[{"taxonomy":"product_brand","embeddable":true,"href":"https:\/\/promochaudiere.be\/nl\/wp-json\/wp\/v2\/product_brand?post=14029"},{"taxonomy":"product_cat","embeddable":true,"href":"https:\/\/promochaudiere.be\/nl\/wp-json\/wp\/v2\/product_cat?post=14029"},{"taxonomy":"product_tag","embeddable":true,"href":"https:\/\/promochaudiere.be\/nl\/wp-json\/wp\/v2\/product_tag?post=14029"}],"curies":[{"name":"wp","href":"https:\/\/api.w.org\/{rel}","templated":true}]}}